{"id":875,"date":"2016-01-12T04:47:02","date_gmt":"2016-01-12T09:47:02","guid":{"rendered":"http:\/\/apero.co\/rfl\/?page_id=875"},"modified":"2018-01-30T04:19:26","modified_gmt":"2018-01-30T04:19:26","slug":"non-au-modele-unique-de-beaute","status":"publish","type":"page","link":"http:\/\/femmeslaurentides.org\/acef\/non-au-modele-unique-de-beaute\/","title":{"rendered":"Non au mod\u00e8le unique de beaut\u00e9!"},"content":{"rendered":"<p>\t\t\t\t<img loading=\"lazy\" src=\"http:\/\/femmeslaurentides.org\/acef\/wp-content\/uploads\/2018\/01\/bandeau5.png\" alt=\"bandeau5\" itemprop=\"image\" height=\"206\" width=\"1310\"  \/><\/p>\n<h4>\n\t\tSant\u00e9 des femmes<br \/>\n\t<\/h4>\n<h2>\n\t\tNon au mod\u00e8le unique de beaut\u00e9!<br \/>\n\t<\/h2>\n<p>\t\t\t\t<img loading=\"lazy\" src=\"http:\/\/femmeslaurentides.org\/acef\/wp-content\/uploads\/2017\/10\/photo_LeaClermontDion.jpg\" alt=\"photo_LeaClermontDion\" itemprop=\"image\" height=\"655\" width=\"441\"  \/><\/p>\n<h3>L\u00e9a Clermont-Dion \u2022 auteure et \u00e9tudiante en science politique<\/h3>\n<p>L\u00e9a Clermont-Dion est l\u2019auteure de La revanche des moches et Lettres \u00e0 un souverainiste, deux ouvrages publi\u00e9s chez VLB. Elle est aujourd\u2019hui candidate \u00e0 la ma\u00eetrise en science politique. Elle est cosc\u00e9nariste et conceptrice du film\u00a0<em>Beaut\u00e9 fatale<\/em>. F\u00e9ministe, elle est l\u2019une des deux instigatrices de la\u00a0<em>Charte qu\u00e9b\u00e9coise pour une image corporelle saine et diversifi\u00e9e<\/em>.<\/p>\n<p>Depuis dix ans, je m\u2019interroge sur le culte des apparences dans notre soci\u00e9t\u00e9. Ce n\u2019est pas par hasard que je m\u2019y suis int\u00e9ress\u00e9e. Enfant, j\u2019ai moi-m\u00eame souffert de troubles alimentaires. J\u2019ai \u00e9t\u00e9 malade comme tellement d\u2019autres adolescents et adolescentes.<\/p>\n<p>L\u2019anorexie est une maladie mentale de plus en plus r\u00e9pandue. Si cette obsession est bel et bien un trouble psychopathologique, avec ses causes multiples et ses facteurs complexes, force est de constater qu\u2019une certaine pr\u00e9occupation excessive du poids est r\u00e9pandue au Qu\u00e9bec.<\/p>\n<p>Des \u00e9tudes d\u00e9montrent que 73 % des jeunes filles qu\u00e9b\u00e9coises souhaitent perdre du poids, peu importe leur silhouette. Plus de 40 % des gar\u00e7ons de 13 \u00e0 16 ans ont d\u00e9j\u00e0 fait l\u2019usage de suppl\u00e9ments dans le but d\u2019augmenter leur poids.\u00a0Trente-cinq pour cent des fillettes de 9 ans ont d\u00e9j\u00e0 tent\u00e9 de maigrir. Le culte des apparences est tentaculaire et particuli\u00e8rement insidieux, car il influence nos vies sans crier gare.<\/p>\n<p>L\u2019obsession du poids est le point de d\u00e9part de cette qu\u00eate qui prend tout son sens lorsque je rencontre des intervenants, des parents, des jeunes. Je suis toujours constern\u00e9e de constater qu\u2019il y a un \u00e9norme travail de sensibilisation \u00e0 faire. Le pouvoir des m\u00e9dias sociaux est incroyable et renforce grandement ce culte aupr\u00e8s des nouvelles g\u00e9n\u00e9rations. Je pense qu\u2019on ne doit pas banaliser le culte de la minceur et de la jeunesse dans notre soci\u00e9t\u00e9. Le probl\u00e8me majeur, c\u2019est qu\u2019on se confronte \u00e0 un mod\u00e8le unique vendu impitoyablement par l\u2019industrie.<\/p>\n<p>Mais d\u2019o\u00f9 provient ce culte? Comment se d\u00e9veloppe-t-il? \u00c0 travers mes conf\u00e9rences, j\u2019essaie d\u2019illustrer les causes de cette tare, et ce, depuis l\u2019enfance.\u00a0L\u2019\u00e9ducation et la culture que l\u2019on transmet \u00e0 nos enfants sont des facteurs fondamentaux \u00e0 ne pas sous-estimer.<\/p>\n<p>Le constat est flagrant. Mais que peut-on faire pour changer la donne et renverser le miroir? C\u2019est la question \u00e0 laquelle je tente de r\u00e9pondre. Apr\u00e8s tout, \u00e0 force de ne pas en revenir du miroir, n\u2019oublie-t-on pas l\u2019essentiel?<\/p>\n<p>Pour en savoir plus : Lisez l\u2019essai de L\u00e9a Clermont-Dion, La revanche des moches.<\/p>\n<ul>\n<li>\n\t\t\t<\/li>\n<\/ul>\n<header>\n<h3><strong>LES RESSOURCES<\/strong><\/h3>\n<\/header>\n<p>\u00c9quilibre :\u00a0<a href=\"http:\/\/www.equilibre.ca\/\" target=\"_blank\" rel=\"noopener\">http:\/\/www.equilibre.ca<\/a><\/p>\n<p>Charte qu\u00e9b\u00e9coise pour une image corporelle saine et diversifi\u00e9e :\u00a0<a href=\"http:\/\/jesigneenligne.com\/\" target=\"_blank\" rel=\"noopener\">jesigneenligne.com<\/a><\/p>\n<p>Qu\u00e9bec en forme :\u00a0<a href=\"http:\/\/www.quebecenforme.org\/\" target=\"_blank\" rel=\"noopener\">www.quebecenforme.org<\/a><\/p>\n<h3><strong>FAITS SAILLANTS<\/strong><\/h3>\n<p>La beaut\u00e9, la minceur, la jeunesse sont des attributs que beaucoup de femmes recherchent. Les publicit\u00e9s, la mode et le marketing vendent cette image comme LA beaut\u00e9. Ce qui fait que plus de 90% des femmes n\u2019y correspondent pas.<\/p>\n<p>L\u00e9a Clermont-Dion pr\u00f4ne une diversit\u00e9 corporelle et une image saine et diversifi\u00e9e. Il est important de s\u2019aimer et s\u2019accepter; c\u2019est de cette fa\u00e7on qu\u2019on peut se d\u00e9velopper et maximiser son potentiel.<\/p>\n<p>\t\t\t\t<img loading=\"lazy\" src=\"http:\/\/femmeslaurentides.org\/acef\/wp-content\/uploads\/2017\/10\/partenaires.png\" alt=\"partenaires\" itemprop=\"image\" height=\"295\" width=\"886\"  \/><\/p>\n","protected":false},"excerpt":{"rendered":"<p>Sant\u00e9 des femmes Non au mod\u00e8le unique de beaut\u00e9! L\u00e9a Clermont-Dion \u2022 auteure et \u00e9tudiante en science politique L\u00e9a Clermont-Dion est l\u2019auteure de La revanche des moches et Lettres \u00e0 un souverainiste, deux ouvrages publi\u00e9s chez VLB. Elle est aujourd\u2019hui candidate \u00e0 la ma\u00eetrise en science politique. Elle est cosc\u00e9nariste et conceptrice du film\u00a0Beaut\u00e9 fatale.&hellip;<\/p>\n","protected":false},"author":1,"featured_media":0,"parent":0,"menu_order":0,"comment_status":"closed","ping_status":"closed","template":"","meta":[],"_links":{"self":[{"href":"http:\/\/femmeslaurentides.org\/acef\/wp-json\/wp\/v2\/pages\/875"}],"collection":[{"href":"http:\/\/femmeslaurentides.org\/acef\/wp-json\/wp\/v2\/pages"}],"about":[{"href":"http:\/\/femmeslaurentides.org\/acef\/wp-json\/wp\/v2\/types\/page"}],"author":[{"embeddable":true,"href":"http:\/\/femmeslaurentides.org\/acef\/wp-json\/wp\/v2\/users\/1"}],"replies":[{"embeddable":true,"href":"http:\/\/femmeslaurentides.org\/acef\/wp-json\/wp\/v2\/comments?post=875"}],"version-history":[{"count":1,"href":"http:\/\/femmeslaurentides.org\/acef\/wp-json\/wp\/v2\/pages\/875\/revisions"}],"predecessor-version":[{"id":1430,"href":"http:\/\/femmeslaurentides.org\/acef\/wp-json\/wp\/v2\/pages\/875\/revisions\/1430"}],"wp:attachment":[{"href":"http:\/\/femmeslaurentides.org\/acef\/wp-json\/wp\/v2\/media?parent=875"}],"curies":[{"name":"wp","href":"https:\/\/api.w.org\/{rel}","templated":true}]}}