{"id":979,"date":"2016-01-12T11:31:11","date_gmt":"2016-01-12T16:31:11","guid":{"rendered":"http:\/\/apero.co\/rfl\/?page_id=979"},"modified":"2018-01-29T04:18:56","modified_gmt":"2018-01-29T04:18:56","slug":"conclusion","status":"publish","type":"page","link":"http:\/\/femmeslaurentides.org\/acef\/conclusion\/","title":{"rendered":"Conclusion"},"content":{"rendered":"<p>\t\t\t\t<img loading=\"lazy\" src=\"http:\/\/femmeslaurentides.org\/acef\/wp-content\/uploads\/2018\/01\/bandeau5.png\" alt=\"bandeau5\" itemprop=\"image\" height=\"206\" width=\"1310\"  \/><\/p>\n<h2>\n\t\tEn guise de conclusion\u2026<br \/>\n\t<\/h2>\n<p>Le R\u00e9seau des femmes des Laurentides se sp\u00e9cialise depuis plus de 25 ans en condition f\u00e9minine. En tant que regroupement r\u00e9gional, nous b\u00e9n\u00e9ficions de l\u2019expertise de nos membres chez qui les femmes vont chercher de l\u2019aide et nous poss\u00e9dons une connaissance approfondie des d\u00e9terminants sociaux qui fa\u00e7onnent leur vie. Notre r\u00f4le est de faire conna\u00eetre les r\u00e9alit\u00e9s des femmes, de porter leur voix \u00e0 un niveau politique et de proposer des solutions qui r\u00e9pondent \u00e0 leurs besoins et r\u00e9alit\u00e9s.<\/p>\n<p>Comme nous l\u2019avons vu tout au long du\u00a0<a href=\"http:\/\/apero.co\/rfl\/wp-content\/uploads\/2016\/03\/RFL_magazine_congres.pdf\" target=\"_blank\" rel=\"noopener\">magazine<\/a>, un grand nombre de femmes de la r\u00e9gion font face \u00e0 des conditions de vie difficiles. Les femmes sont toujours plus nombreuses \u00e0 vivre dans des conditions de pr\u00e9carit\u00e9 et de pauvret\u00e9, particuli\u00e8rement les m\u00e8res de famille monoparentale, les femmes seules et \u00e2g\u00e9es, les femmes autochtones, les femmes handicap\u00e9es, celles qui appartiennent \u00e0 une minorit\u00e9 visible, les femmes immigrantes et les travailleuses moins scolaris\u00e9es. Le lien entre la pauvret\u00e9, les diff\u00e9rentes formes de violences, la sant\u00e9 et l\u2019implication citoyenne des femmes n\u2019est plus \u00e0 d\u00e9montrer. Des actions concr\u00e8tes doivent \u00eatre pos\u00e9es pour permettre le plein \u00e9panouissement des femmes, dans le but de leur \u00e9viter d\u2019entrer dans un cercle vicieux ou de les aider \u00e0 en sortir, le cas \u00e9ch\u00e9ant.<\/p>\n<p>Parce que les probl\u00e8mes des femmes et des hommes n\u2019ont pas la m\u00eame base et, par cons\u00e9quent, qu\u2019ils n\u00e9cessitent la recherche de solutions diff\u00e9rentes, l\u2019utilisation de l\u2019analyse diff\u00e9renci\u00e9e selon les sexes (ADS) est primordiale. En ce qui concerne les femmes, nous insistons sur le fait que l\u2019ADS doit \u00eatre vue sous l\u2019angle de l\u2019approche f\u00e9ministe, qui permet une analyse globale des enjeux qui les concernent. Celle-ci devrait \u00eatre utilis\u00e9e de fa\u00e7on syst\u00e9matique par les instances d\u00e9cisionnelles pour permettre une meilleure allocation des fonds et des politiques plus efficaces.<\/p>\n<p>Pourtant, dans une \u00e9tude r\u00e9cente de l\u2019Institut de recherche et d\u2019informations socio-\u00e9conomiques (IRIS), qui fait \u00e9tat d\u2019une analyse de 192 mesures contenues dans des budgets adopt\u00e9s, des mises \u00e0 jour \u00e9conomiques et des \u00e9nonc\u00e9s budg\u00e9taires rendus publics depuis novembre 2008, on peut lire que : \u00ab Ces chiffres d\u00e9montrent que l\u2019aust\u00e9rit\u00e9 est bien, comme l\u2019indique le Petit Robert, un nom f\u00e9minin et que les gouvernements successifs n\u2019ont pas appliqu\u00e9 l\u2019<a href=\"http:\/\/www.scf.gouv.qc.ca\/fileadmin\/publications\/ADS\/ads_guide2007-10.pdf\" target=\"_blank\" rel=\"noopener\">analyse diff\u00e9renci\u00e9e selon les sexes (ADS)<\/a>\u00a0\u00e0 leurs d\u00e9cisions budg\u00e9taires. Pourtant, il n\u2019y a pas si longtemps, en 2006, on inscrivait l\u2019ADS comme outil de gouvernance dans la politique gouvernementale pour l\u2019\u00e9galit\u00e9 entre les femmes et les hommes.\u00bb<sup>1<\/sup><\/p>\n<h3>Des mesures d\u2019aust\u00e9rit\u00e9 qui p\u00e9nalisent d\u2019abord les femmes<\/h3>\n<p>Le contexte politique actuel est source de nombreuses pr\u00e9occupations pour les groupes de femmes. Les r\u00e9centes compressions budg\u00e9taires impos\u00e9es par le gouvernement provincial dans les programmes sociaux et les services publics fragilisent l\u2019acc\u00e8s \u00e0 l\u2019emploi, l\u2019autonomie et la s\u00e9curit\u00e9 \u00e9conomique des femmes en concentrant les compressions dans des secteurs o\u00f9 elles sont plus pr\u00e9sentes, notamment la fonction publique, le milieu de l\u2019\u00e9ducation et le r\u00e9seau de la sant\u00e9 et des services sociaux.<\/p>\n<p>Par ailleurs, on le sait, les abolitions de programmes et les diminutions de services se traduisent, la plupart du temps, par un transfert de responsabilit\u00e9s collectives vers la sph\u00e8re priv\u00e9e. Ainsi, il est facile de pr\u00e9dire que les femmes reprendront \u2013 gratuitement, au risque de s\u2019appauvrir et de s\u2019\u00e9puiser \u2013 les diff\u00e9rentes t\u00e2ches ayant disparu de l\u2019offre de services de l\u2019\u00c9tat : garde des enfants, accompagnement de personnes malades et a\u00een\u00e9es, soutien scolaire aux enfants en difficult\u00e9, soutien \u00e0 la famille souffrant de probl\u00e8mes divers, etc. En bref,\u00a0<b>le travail invisible des femmes risque fort d\u2019augmenter<\/b>.<\/p>\n<p>De plus, comme le constate le R\u00e9seau des Tables r\u00e9gionales de groupes de femmes du Qu\u00e9bec,<br \/>\u00ab Les modifications que le projet de loi 28 apporte \u00e0 la gouvernance municipale en mati\u00e8re de d\u00e9veloppement local et r\u00e9gional sont incompatibles avec l\u2019atteinte de l\u2019\u00e9galit\u00e9 pour les femmes. Le projet de loi pr\u00e9voit remettre les r\u00eanes du d\u00e9veloppement territorial entre les mains des Municipalit\u00e9s r\u00e9gionales de comt\u00e9, ce qui \u00e9quivaut, encore une fois, \u00e0 \u00e9carter les femmes des d\u00e9cisions les concernant. Il faut savoir que les conseils de MRC sont compos\u00e9s exclusivement de maires et de mairesses et que la proportion de mairesses au Qu\u00e9bec est de 17,3 %; que sur 104 pr\u00e9fets de MRC au Qu\u00e9bec seulement 20 sont des femmes. \u00bb Une mauvaise nouvelle qui ne vient pas seule, comme le rappelle \u00e0 nouveau le R\u00e9seau des Tables : \u00ab Avec le projet de loi 28, ce sont \u00e9galement les 19 ententes r\u00e9gionales en mati\u00e8re d\u2019\u00e9galit\u00e9 pour les femmes qui sont rel\u00e9gu\u00e9es au n\u00e9ant; ce sont des projets qui visent l\u2019autonomie \u00e9conomique des femmes ou leur repr\u00e9sentation dans les lieux de pouvoir qui sont annul\u00e9s; ce sont des groupes de femmes en r\u00e9gion qui voient leur d\u00e9j\u00e0 maigre financement menac\u00e9. \u00bb<sup>2<\/sup>.<\/p>\n<p>D\u2019autres mesures d\u2019aust\u00e9rit\u00e9 r\u00e9duisent \u00e9galement la capacit\u00e9 d\u2019action des organismes vou\u00e9s au soutien aux femmes en difficult\u00e9 et \u00e0 la d\u00e9fense de leurs droits, en sabrant diff\u00e9rents programmes :<\/p>\n<p>Le programme \u00c0 \u00e9galit\u00e9 pour d\u00e9cider, qui aide les femmes \u00e0 acc\u00e9der aux postes de pouvoir, a \u00e9t\u00e9 amput\u00e9 de moiti\u00e9, passant de 1 000 000$ annuellement \u00e0 500 000 $. La repr\u00e9sentation paritaire des femmes est pourtant loin d\u2019\u00eatre atteinte!<\/p>\n<p>Le Conseil du statut de la femme a \u00e9galement vu son budget amput\u00e9 de presque 500 000$. Cette compression a conduit \u00e0 la fermeture de quatre bureaux r\u00e9gionaux et \u00e0 la mise \u00e0 pied de 25 % du personnel. Du coup, elle prive les r\u00e9gions d\u2019une expertise importante en mati\u00e8re de condition f\u00e9minine.<\/p>\n<p>Les concours r\u00e9gionaux Chapeaux les filles!, qui valorisent le travail de femmes inscrites dans des programmes d\u2019\u00e9tudes traditionnellement masculins, ont \u00e9t\u00e9 carr\u00e9ment suspendus.<\/p>\n<p><b>Loin d\u2019\u00eatre neutres, les mesures d\u2019aust\u00e9rit\u00e9 ont donc eu un effet beaucoup plus marqu\u00e9 sur les femmes que sur les hommes.<\/b>\u00a0Les chercheurs de l\u2019IRIS, dont l\u2019\u00e9tude a \u00e9t\u00e9 cit\u00e9e pr\u00e9c\u00e9demment, ont constat\u00e9 qu\u2019un foss\u00e9 de pr\u00e8s de 7 milliards s\u2019est creus\u00e9 entre les hommes et les femmes depuis 2008. D\u2019une part, les mesures de relance \u00e9conomique ont surtout favoris\u00e9 les hommes, car elles \u00e9taient ax\u00e9es sur le secteur de la construction. Ceux-ci ont b\u00e9n\u00e9fici\u00e9 de 7,2 milliards, contre 3,5 milliards chez les femmes, ce qui signifie que sur toute la p\u00e9riode, ils ont profit\u00e9 de 3,7 milliards de plus. D\u2019autre part, en additionnant les coupes g\u00e9n\u00e9rales, les hausses de taxes et de tarifs et les r\u00e9ductions ou gels de salaires, les chercheurs ont \u00e9galement observ\u00e9 que les femmes ont assum\u00e9 3,1 milliards de compressions de plus que les hommes.<\/p>\n<h6><sup>1\u00a0<\/sup>COUTUTIER, Eve-Lyne et Simon TREMBLAY-P\u00c9PIN. Rapport de recherche. Les mesures d\u2019aust\u00e9rit\u00e9 et les femmes : analyse des documents budg\u00e9taires depuis novembre 2008. Montr\u00e9al, Institut de recherche et d\u2019informations socio-\u00e9conomiques (IRIS), 2015, 49 pages.<br \/><sup>2\u00a0<\/sup>R\u00e9seau des Tables r\u00e9gionales de groupes de femmes du Qu\u00e9bec. \u00ab Le projet de loi 28 tourne le dos aux femmes des r\u00e9gions \u00bb. (10 f\u00e9vrier 2015). http:\/\/www.reseautablesfemmes.qc.ca\/documents\/COMMUNIQUELOI282015-02-10.pdf. Site consult\u00e9 le 11 mars 2015.<\/h6>\n<p>\t\t\t\t<img loading=\"lazy\" src=\"http:\/\/femmeslaurentides.org\/acef\/wp-content\/uploads\/2017\/10\/partenaires.png\" alt=\"partenaires\" itemprop=\"image\" height=\"295\" width=\"886\"  \/><\/p>\n","protected":false},"excerpt":{"rendered":"<p>En guise de conclusion\u2026 Le R\u00e9seau des femmes des Laurentides se sp\u00e9cialise depuis plus de 25 ans en condition f\u00e9minine. En tant que regroupement r\u00e9gional, nous b\u00e9n\u00e9ficions de l\u2019expertise de nos membres chez qui les femmes vont chercher de l\u2019aide et nous poss\u00e9dons une connaissance approfondie des d\u00e9terminants sociaux qui fa\u00e7onnent leur vie. Notre r\u00f4le&hellip;<\/p>\n","protected":false},"author":1,"featured_media":0,"parent":0,"menu_order":0,"comment_status":"closed","ping_status":"closed","template":"","meta":[],"_links":{"self":[{"href":"http:\/\/femmeslaurentides.org\/acef\/wp-json\/wp\/v2\/pages\/979"}],"collection":[{"href":"http:\/\/femmeslaurentides.org\/acef\/wp-json\/wp\/v2\/pages"}],"about":[{"href":"http:\/\/femmeslaurentides.org\/acef\/wp-json\/wp\/v2\/types\/page"}],"author":[{"embeddable":true,"href":"http:\/\/femmeslaurentides.org\/acef\/wp-json\/wp\/v2\/users\/1"}],"replies":[{"embeddable":true,"href":"http:\/\/femmeslaurentides.org\/acef\/wp-json\/wp\/v2\/comments?post=979"}],"version-history":[{"count":5,"href":"http:\/\/femmeslaurentides.org\/acef\/wp-json\/wp\/v2\/pages\/979\/revisions"}],"predecessor-version":[{"id":1395,"href":"http:\/\/femmeslaurentides.org\/acef\/wp-json\/wp\/v2\/pages\/979\/revisions\/1395"}],"wp:attachment":[{"href":"http:\/\/femmeslaurentides.org\/acef\/wp-json\/wp\/v2\/media?parent=979"}],"curies":[{"name":"wp","href":"https:\/\/api.w.org\/{rel}","templated":true}]}}