{"id":1006,"date":"2016-01-12T17:14:09","date_gmt":"2016-01-12T22:14:09","guid":{"rendered":"http:\/\/apero.co\/rfl\/?page_id=1006"},"modified":"2018-01-29T04:06:52","modified_gmt":"2018-01-29T04:06:52","slug":"toile-participative","status":"publish","type":"page","link":"https:\/\/femmeslaurentides.org\/acef\/toile-participative\/","title":{"rendered":"Toile participative MMF 2015"},"content":{"rendered":"<p>\t\t\t\t<img loading=\"lazy\" src=\"http:\/\/femmeslaurentides.org\/acef\/wp-content\/uploads\/2018\/01\/bandeau5.png\" alt=\"bandeau5\" itemprop=\"image\" height=\"206\" width=\"1310\"  \/><\/p>\n<h2>\n\t\tToile participative Marche mondiale des femmes 2015<br \/>\n\t<\/h2>\n<h4>\n\t\tArtiste peintre muraliste : Sophie Stella Boivin<br \/>\n\t<\/h4>\n<h3><strong>Marche mondiale des femmes 2015<\/strong><\/h3>\n<p>La d\u00e9marche menant au congr\u00e8s s\u2019est d\u00e9roul\u00e9e en parall\u00e8le avec la planification des actions de la Marche mondiale des femmes 2015, qui se d\u00e9ploie sous le th\u00e8me\u00a0<i>Lib\u00e9rez nos corps, notre Terre et nos territoires<\/i>. Le congr\u00e8s nous offre une occasion privil\u00e9gi\u00e9e de faire conna\u00eetre cette initiative d\u2019ampleur internationale. Nous profitons de l\u2019occasion pour vous permettre de l\u2019appuyer. Ainsi, tout au long de l\u2019\u00e9v\u00e9nement, les femmes seront invit\u00e9es \u00e0 apposer leur empreinte sur une \u0153uvre cr\u00e9\u00e9e par l\u2019artiste\u00a0\u00a0peintre muraliste Sophie Stella Boivin. Les hommes pourront signifier leur appui dans un cahier pr\u00e9vu \u00e0 cet effet. L\u2019\u0153uvre et le cahier voyageront ensuite aux quatre coins de la r\u00e9gion des Laurentides.<\/p>\n<p>\t<iframe src=\"https:\/\/player.vimeo.com\/video\/151646603\" width=\"500\" height=\"281\" frameborder=\"0\" title=\"Toile participative Empreintes de femmes\" webkitallowfullscreen mozallowfullscreen allowfullscreen><\/iframe><\/p>\n<h3><strong>L\u2019inspiration<\/strong><\/h3>\n<p>La femme puise ses forces de la terre, tel un arbre du sol.<br \/>Elle se nourrit du soleil pour mieux distribuer ses couleurs.<br \/>\u00c0 travers chaque g\u00e9n\u00e9ration, elle forme ses cercles de vie qui solidifient son tronc.<br \/>Elle grandit, se renouvelle, s\u2019adapte et partage son essence avec chaque coup de vent.<br \/>Elle porte en elle l\u2019eau de la vie, et purifie l\u2019air que l\u2019on respire.<br \/>La profondeur de son c\u0153ur est proportionnelle \u00e0 l\u2019immensit\u00e9 de son \u00eatre.<br \/>La femme peut cr\u00e9er, seule, sa destin\u00e9e mais, tout comme une for\u00eat, elle sait que la solidarit\u00e9 constitue la base d\u2019une force in\u00e9branlable!<\/p>\n<p><em>Sophie Stella Boivin<\/em><\/p>\n<p>\t\t\t\t<img loading=\"lazy\" src=\"http:\/\/femmeslaurentides.org\/acef\/wp-content\/uploads\/2017\/10\/Toile-CA-Genevieve-Lise.jpg\" alt=\"Toile CA Genevieve Lise\" itemprop=\"image\" height=\"1832\" width=\"3264\"  \/><\/p>\n<p>Titre de l&rsquo;oeuvre\u00a0: Empreintes de femmes<\/p>\n<p>\t\t\t\t<img loading=\"lazy\" src=\"http:\/\/femmeslaurentides.org\/acef\/wp-content\/uploads\/2017\/10\/Sophie-Stella-Boivin.jpg\" alt=\"Sophie Stella Boivin\" itemprop=\"image\" height=\"576\" width=\"864\"  \/><\/p>\n<p>Titre de l&rsquo;oeuvre\u00a0: Empreintes de femmes<\/p>\n<p>\t\t\t\t<img loading=\"lazy\" src=\"http:\/\/femmeslaurentides.org\/acef\/wp-content\/uploads\/2017\/10\/partenaires.png\" alt=\"partenaires\" itemprop=\"image\" height=\"295\" width=\"886\"  \/><\/p>\n","protected":false},"excerpt":{"rendered":"<p>Toile participative Marche mondiale des femmes 2015 Artiste peintre muraliste : Sophie Stella Boivin Marche mondiale des femmes 2015 La d\u00e9marche menant au congr\u00e8s s\u2019est d\u00e9roul\u00e9e en parall\u00e8le avec la planification des actions de la Marche mondiale des femmes 2015, qui se d\u00e9ploie sous le th\u00e8me\u00a0Lib\u00e9rez nos corps, notre Terre et nos territoires. Le congr\u00e8s&hellip;<\/p>\n","protected":false},"author":1,"featured_media":0,"parent":0,"menu_order":0,"comment_status":"closed","ping_status":"closed","template":"","meta":[],"_links":{"self":[{"href":"https:\/\/femmeslaurentides.org\/acef\/wp-json\/wp\/v2\/pages\/1006"}],"collection":[{"href":"https:\/\/femmeslaurentides.org\/acef\/wp-json\/wp\/v2\/pages"}],"about":[{"href":"https:\/\/femmeslaurentides.org\/acef\/wp-json\/wp\/v2\/types\/page"}],"author":[{"embeddable":true,"href":"https:\/\/femmeslaurentides.org\/acef\/wp-json\/wp\/v2\/users\/1"}],"replies":[{"embeddable":true,"href":"https:\/\/femmeslaurentides.org\/acef\/wp-json\/wp\/v2\/comments?post=1006"}],"version-history":[{"count":1,"href":"https:\/\/femmeslaurentides.org\/acef\/wp-json\/wp\/v2\/pages\/1006\/revisions"}],"predecessor-version":[{"id":1388,"href":"https:\/\/femmeslaurentides.org\/acef\/wp-json\/wp\/v2\/pages\/1006\/revisions\/1388"}],"wp:attachment":[{"href":"https:\/\/femmeslaurentides.org\/acef\/wp-json\/wp\/v2\/media?parent=1006"}],"curies":[{"name":"wp","href":"https:\/\/api.w.org\/{rel}","templated":true}]}}