{"id":1155,"date":"2016-03-07T08:57:00","date_gmt":"2016-03-07T13:57:00","guid":{"rendered":"http:\/\/apero.co\/rfl\/?page_id=1155"},"modified":"2018-01-29T04:25:01","modified_gmt":"2018-01-29T04:25:01","slug":"mot-de-la-presidente","status":"publish","type":"page","link":"https:\/\/femmeslaurentides.org\/acef\/mot-de-la-presidente\/","title":{"rendered":"Mot de la pr\u00e9sidente"},"content":{"rendered":"<p>\t\t\t\t<img loading=\"lazy\" src=\"http:\/\/femmeslaurentides.org\/acef\/wp-content\/uploads\/2018\/01\/bandeau5.png\" alt=\"bandeau5\" itemprop=\"image\" height=\"206\" width=\"1310\"  \/><\/p>\n<h2>\n\t\tMot de la pr\u00e9sidente<br \/>\n\t<\/h2>\n<p><img loading=\"lazy\" src=\"http:\/\/femmeslaurentides.org\/acef\/wp-content\/uploads\/2016\/03\/marielle_boyer.jpg\" alt=\"\" width=\"193\" height=\"193\" \/>Le congr\u00e8s<b> Empreintes de femmes<\/b> est n\u00e9 d\u2019un d\u00e9sir tr\u00e8s fort de sensibiliser les gens aux diverses r\u00e9alit\u00e9s des femmes des Laurentides. Il est le fruit d\u2019une d\u00e9marche de dix-huit mois qui a donn\u00e9 lieu \u00e0 des \u00e9changes et des r\u00e9flexions collectives tr\u00e8s riches pour offrir, au final, un lieu de ressourcement et de r\u00e9seautage exceptionnel \u00e0 toute personne qui porte \u00e0 c\u0153ur l\u2019am\u00e9lioration des conditions de vie des femmes et de leur famille.<\/p>\n<p>Au nom du R\u00e9seau des femmes des Laurentides (RFL), je remercie chaleureusement toutes les personnes impliqu\u00e9es dans les diff\u00e9rentes \u00e9tapes menant au congr\u00e8s Empreintes de femmes.<\/p>\n<p>C\u2019est d\u2019abord gr\u00e2ce \u00e0 l\u2019implication et au d\u00e9vouement des membres du RFL et de plusieurs b\u00e9n\u00e9voles tout au long du processus que cette exp\u00e9rience unique a \u00e9t\u00e9 possible. Leur savoir-faire, leur savoir-\u00eatre et leur g\u00e9n\u00e9rosit\u00e9 ont \u00e9t\u00e9 la base solide sur laquelle le projet s\u2019est construit\u2026 <b>un projet de transformation sociale que l\u2019on souhaite vivement porteur d\u2019espoir<\/b>. Un merci sp\u00e9cial s\u2019impose pour Jos\u00e9e Camarra, repr\u00e9sentante r\u00e9gionale du Conseil du statut de la femme, pour sa pr\u00e9cieuse collaboration \u00e0 la recherche et \u00e0 la r\u00e9daction de ce magazine. Merci \u00e9galement \u00e0 chaque conf\u00e9renci\u00e8re et animatrice d\u2019atelier pour le partage de leurs expertises.<\/p>\n<p>Finalement, merci \u00e0 vous, pour votre int\u00e9r\u00eat et votre pr\u00e9sence au congr\u00e8s. Je vous souhaite de vivre une exp\u00e9rience des plus enrichissantes!<\/p>\n<p><i>Marielle Boyer, pr\u00e9sidente<\/i><br \/>R\u00e9seau des femmes des Laurentides<\/p>\n<h3><strong>Pistes de solution<\/strong><\/h3>\n<p>Madame Vincent affirme que l\u2019accompagnement des filles dans leur cheminement scolaire est important pour d\u00e9faire les barri\u00e8res \u00e9rig\u00e9es qui favorisent l\u2019\u00e9cart salarial.\u00a0 Aussi, un travail de reconnaissance des emplois dits traditionnellement f\u00e9minins doit \u00eatre fait. Comme il a \u00e9t\u00e9 dit dans les raisons expliquant l\u2019\u00e9cart salarial, les emplois \u00ab\u00a0f\u00e9minins\u00a0\u00bb\u00a0font r\u00e9f\u00e9rences aux r\u00f4les traditionnels.\u00a0 Or, ces r\u00f4les sont essentiels et doivent \u00eatre pay\u00e9s \u00e0 leur juste prix. Les conditions de travail doivent \u00eatre am\u00e9lior\u00e9es\u00a0 et une v\u00e9ritable volont\u00e9 d\u2019inclure les femmes dans les emplois non-traditionnels doit \u00eatre d\u00e9montr\u00e9e.\u00a0 Il est maintenant \u00e9tabli que la mixit\u00e9 des \u00e9quipes augmente la qualit\u00e9 du travail.<\/p>\n<p>\t\t\t\t<img loading=\"lazy\" src=\"http:\/\/femmeslaurentides.org\/acef\/wp-content\/uploads\/2017\/10\/partenaires.png\" alt=\"partenaires\" itemprop=\"image\" height=\"295\" width=\"886\"  \/><\/p>\n","protected":false},"excerpt":{"rendered":"<p>Mot de la pr\u00e9sidente Le congr\u00e8s Empreintes de femmes est n\u00e9 d\u2019un d\u00e9sir tr\u00e8s fort de sensibiliser les gens aux diverses r\u00e9alit\u00e9s des femmes des Laurentides. Il est le fruit d\u2019une d\u00e9marche de dix-huit mois qui a donn\u00e9 lieu \u00e0 des \u00e9changes et des r\u00e9flexions collectives tr\u00e8s riches pour offrir, au final, un lieu de&hellip;<\/p>\n","protected":false},"author":1,"featured_media":0,"parent":0,"menu_order":0,"comment_status":"closed","ping_status":"closed","template":"","meta":[],"_links":{"self":[{"href":"https:\/\/femmeslaurentides.org\/acef\/wp-json\/wp\/v2\/pages\/1155"}],"collection":[{"href":"https:\/\/femmeslaurentides.org\/acef\/wp-json\/wp\/v2\/pages"}],"about":[{"href":"https:\/\/femmeslaurentides.org\/acef\/wp-json\/wp\/v2\/types\/page"}],"author":[{"embeddable":true,"href":"https:\/\/femmeslaurentides.org\/acef\/wp-json\/wp\/v2\/users\/1"}],"replies":[{"embeddable":true,"href":"https:\/\/femmeslaurentides.org\/acef\/wp-json\/wp\/v2\/comments?post=1155"}],"version-history":[{"count":3,"href":"https:\/\/femmeslaurentides.org\/acef\/wp-json\/wp\/v2\/pages\/1155\/revisions"}],"predecessor-version":[{"id":1383,"href":"https:\/\/femmeslaurentides.org\/acef\/wp-json\/wp\/v2\/pages\/1155\/revisions\/1383"}],"wp:attachment":[{"href":"https:\/\/femmeslaurentides.org\/acef\/wp-json\/wp\/v2\/media?parent=1155"}],"curies":[{"name":"wp","href":"https:\/\/api.w.org\/{rel}","templated":true}]}}