{"id":852,"date":"2016-01-12T04:14:47","date_gmt":"2016-01-12T09:14:47","guid":{"rendered":"http:\/\/apero.co\/rfl\/?page_id=852"},"modified":"2018-01-30T01:46:19","modified_gmt":"2018-01-30T01:46:19","slug":"prevoir-limprevisible","status":"publish","type":"page","link":"https:\/\/femmeslaurentides.org\/acef\/prevoir-limprevisible\/","title":{"rendered":"Pr\u00e9voir l&#039;impr\u00e9visible"},"content":{"rendered":"<p>\t\t\t\t<img loading=\"lazy\" src=\"http:\/\/femmeslaurentides.org\/acef\/wp-content\/uploads\/2018\/01\/bandeau5.png\" alt=\"bandeau5\" itemprop=\"image\" height=\"206\" width=\"1310\"  \/><\/p>\n<h4>\n\t\tAutonomie \u00e9conomique des femmes<br \/>\n\t<\/h4>\n<h2>\n\t\tPr\u00e9voir l\u2019impr\u00e9visible<br \/>\n\t<\/h2>\n<p>\t\t\t\t<img loading=\"lazy\" src=\"http:\/\/femmeslaurentides.org\/acef\/wp-content\/uploads\/2017\/10\/photo_karen_dixon.jpg\" alt=\"photo_karen_dixon\" itemprop=\"image\" height=\"604\" width=\"400\"  \/><\/p>\n<h3>Karen Dixon \u2022 Formatrice, Fonds d\u2019Emprunt des Laurentides<\/h3>\n<p>Au Fonds d\u2019Emprunt des Laurentides, nous croyons que chaque personne a le potentiel d\u2019am\u00e9liorer sa situation \u00e9conomique. Pour ce faire, Karen Dixon offre de l\u2019accompagnement et des formations aux femmes qui d\u00e9sirent retrouver une stabilit\u00e9 financi\u00e8re ou concr\u00e9tiser un projet d\u2019affaires.<\/p>\n<h3><strong>Maintenir sa stabilit\u00e9 financi\u00e8re\u00a0malgr\u00e9 les \u00e9preuves<\/strong><\/h3>\n<p>Je me suis assise pour r\u00e9diger cet article avec un papier, un crayon et l\u2019objectif de vous faire comprendre l\u2019importance de l\u2019autonomie \u00e9conomique pour les femmes. Mais quelque chose me bloquait. Je sais qu\u2019une femme peut devenir vuln\u00e9rable lorsqu\u2019elle est dans une situation \u00e9conomique pr\u00e9caire. De plus, je suis consciente que les intervenantes offrant des services aux femmes dans les Laurentides se retrouvent r\u00e9guli\u00e8rement devant une client\u00e8le qui vit des situations difficiles et dans des conditions p\u00e9nibles. C\u2019est pour cela que je bloquais. Comment moi, avec mon v\u00e9cu, mes \u00e9tudes universitaires, mes parents qui ont toujours \u00e9t\u00e9 pr\u00e9sents, ma maison, mes enfants un peu g\u00e2t\u00e9s (je l\u2019admets), je pourrais vous communiquer mes id\u00e9es?<\/p>\n<p>J\u2019ai tent\u00e9 de vous \u00e9crire un beau texte, mais par respect pour toutes ces femmes qui sont dans des positions vuln\u00e9rables, je me suis arr\u00eat\u00e9e, je me suis vid\u00e9 la t\u00eate et j\u2019ai laiss\u00e9 mes obligations de c\u00f4t\u00e9. C\u2019est l\u00e0 que l\u2019id\u00e9e m\u2019est venue : \u00ab Parle de toi. \u00bb La raison est simple : m\u00eame si j\u2019ai une belle maison, des parents pr\u00e9sents et une excellente \u00e9ducation, j\u2019ai v\u00e9cu une situation qui m\u2019\u00e9tait tellement inconfortable qu\u2019il fallait \u00e0 tout prix que je m\u2019en sorte. Ma propre survie d\u00e9pendait d\u2019un plan d\u2019action et mon autonomie financi\u00e8re \u00e9tait \u00e0 la base de ce plan. Comment allais-je subvenir \u00e0 mes besoins et \u00e0 ceux de mes enfants?<\/p>\n<blockquote>\n<p>\u00ab\u2009La vie nous r\u00e9serve des d\u00e9fis. Que nous soyons n\u00e9es \u00e0 Blainville ou \u00e0 Rivi\u00e8re-Rouge, que nous soyons \u00e9duqu\u00e9es ou non, que nous ayons un bon emploi ou non, peu importe notre situation personnelle, la vie nous r\u00e9serve toujours des d\u00e9fis. Pour \u00e9viter de se sentir coinc\u00e9es par ces d\u00e9fis, il importe de trouver des fa\u00e7ons de devenir autonome financi\u00e8rement. Notre atelier vise \u00e0 faire vivre \u00e0 ses participantes des situations o\u00f9 le passage \u00e0 l\u2019action commence avec l\u2019inconfort et se termine positivement \u2013 peu importe le point de d\u00e9part!\u00a0\u00bb\u2009<\/p>\n<\/blockquote>\n<ul>\n<li>\n\t\t\t<\/li>\n<\/ul>\n<header>\n<h3><strong>LES RESSOURCES<\/strong><\/h3>\n<\/header>\n<p><a href=\"http:\/\/lesintouchables.com\/livre-368-Les-femmes-et-l-argent.php\" target=\"_blank\" rel=\"noopener\">http:\/\/lesintouchables.com\/livre-368-Les-femmes-et-l-argent.php<\/a><\/p>\n<p><a href=\"http:\/\/www.acfc.gc.ca\/\" target=\"_blank\" rel=\"noopener\">www.acfc.gc.ca<\/a><\/p>\n<p><a href=\"http:\/\/www.acefbl.org\/\" target=\"_blank\" rel=\"noopener\">www.acefbl.org<\/a><\/p>\n<p>Ressource : Femmes et argent \u2013 Guide de survie<\/p>\n<h3><strong>FAITS SAILLANTS<\/strong><\/h3>\n<p>Faire des pr\u00e9visions, contr\u00f4ler les finances, d\u00e9terminer la situation et faire un plan d\u2019action avec des moyens concrets.<\/p>\n<p>Les conf\u00e9renci\u00e8res sugg\u00e8rent de faire un inventaire de tous les avoirs\u00a0:<\/p>\n<ul>\n<li>Humains (Dipl\u00f4mes, \u00e9tudes)<\/li>\n<li>Personnels<\/li>\n<li>Physiques<\/li>\n<li>Financiers<\/li>\n<li>Sociaux (Liens, r\u00e9seaux)<\/li>\n<\/ul>\n<p>Le budget est l\u2019outil essentiel pour contr\u00f4ler les finances. Plus on a de contr\u00f4le sur les finances, plus on a le pouvoir et la libert\u00e9 de faire des choix. Et lorsqu\u2019il y a une difficult\u00e9, on peut davantage y faire face.<\/p>\n<p>L\u2019argent \u00e9tant un tabou, il faut oser en parler et questionner notre rapport \u00e0 l\u2019argent.<\/p>\n<p>\t\t\t\t<img loading=\"lazy\" src=\"http:\/\/femmeslaurentides.org\/acef\/wp-content\/uploads\/2017\/10\/partenaires.png\" alt=\"partenaires\" itemprop=\"image\" height=\"295\" width=\"886\"  \/><\/p>\n","protected":false},"excerpt":{"rendered":"<p>Autonomie \u00e9conomique des femmes Pr\u00e9voir l\u2019impr\u00e9visible Karen Dixon \u2022 Formatrice, Fonds d\u2019Emprunt des Laurentides Au Fonds d\u2019Emprunt des Laurentides, nous croyons que chaque personne a le potentiel d\u2019am\u00e9liorer sa situation \u00e9conomique. Pour ce faire, Karen Dixon offre de l\u2019accompagnement et des formations aux femmes qui d\u00e9sirent retrouver une stabilit\u00e9 financi\u00e8re ou concr\u00e9tiser un projet d\u2019affaires.&hellip;<\/p>\n","protected":false},"author":1,"featured_media":0,"parent":0,"menu_order":0,"comment_status":"closed","ping_status":"closed","template":"","meta":[],"_links":{"self":[{"href":"https:\/\/femmeslaurentides.org\/acef\/wp-json\/wp\/v2\/pages\/852"}],"collection":[{"href":"https:\/\/femmeslaurentides.org\/acef\/wp-json\/wp\/v2\/pages"}],"about":[{"href":"https:\/\/femmeslaurentides.org\/acef\/wp-json\/wp\/v2\/types\/page"}],"author":[{"embeddable":true,"href":"https:\/\/femmeslaurentides.org\/acef\/wp-json\/wp\/v2\/users\/1"}],"replies":[{"embeddable":true,"href":"https:\/\/femmeslaurentides.org\/acef\/wp-json\/wp\/v2\/comments?post=852"}],"version-history":[{"count":1,"href":"https:\/\/femmeslaurentides.org\/acef\/wp-json\/wp\/v2\/pages\/852\/revisions"}],"predecessor-version":[{"id":1405,"href":"https:\/\/femmeslaurentides.org\/acef\/wp-json\/wp\/v2\/pages\/852\/revisions\/1405"}],"wp:attachment":[{"href":"https:\/\/femmeslaurentides.org\/acef\/wp-json\/wp\/v2\/media?parent=852"}],"curies":[{"name":"wp","href":"https:\/\/api.w.org\/{rel}","templated":true}]}}