{"id":856,"date":"2016-01-12T04:24:17","date_gmt":"2016-01-12T09:24:17","guid":{"rendered":"http:\/\/apero.co\/rfl\/?page_id=856"},"modified":"2018-01-30T04:21:27","modified_gmt":"2018-01-30T04:21:27","slug":"limpact-de-la-violence-sur-le-pouvoir","status":"publish","type":"page","link":"https:\/\/femmeslaurentides.org\/acef\/limpact-de-la-violence-sur-le-pouvoir\/","title":{"rendered":"L&#039;impact de la violence sur le pouvoir"},"content":{"rendered":"<p>\t\t\t\t<img loading=\"lazy\" src=\"http:\/\/femmeslaurentides.org\/acef\/wp-content\/uploads\/2018\/01\/bandeau5.png\" alt=\"bandeau5\" itemprop=\"image\" height=\"206\" width=\"1310\"  \/><\/p>\n<h4>\n\t\tViolences envers les femmes<br \/>\n\t<\/h4>\n<h2>\n\t\tL\u2019impact de la violence sur le pouvoir<br \/>\n\t<\/h2>\n<p>\t\t\t\t<img loading=\"lazy\" src=\"http:\/\/femmeslaurentides.org\/acef\/wp-content\/uploads\/2017\/10\/photo_diane_prudhomme_lowres.jpg\" alt=\"photo_diane_prudhomme_lowres\" itemprop=\"image\" height=\"240\" width=\"240\"  \/><\/p>\n<h3>Diane Prud\u2019homme \u2022 Consultante en pr\u00e9vention de l\u2019intimidation<\/h3>\n<p>Titulaire d\u2019une ma\u00eetrise en psychologie, elle fut coordonnatrice des dossiers li\u00e9s \u00e0 la probl\u00e9matique au Regroupement des maisons pour femmes victimes de violence conjugale (1985-2013). Auteure de livres et de documents sur la violence conjugale et scolaire, elle est actuellement consultante en pr\u00e9vention de l\u2019intimidation.<\/p>\n<section>\n<h3><strong>Comment passer de la Toile (d\u2019impuissance) \u00e0 l\u2019\u00c9toile (de libert\u00e9)?<\/strong><\/h3>\n<p>La violence a n\u00e9cessairement des impacts sur le pouvoir de ceux et celles qui en sont victimes, puisqu\u2019elle vise justement \u00e0 les mettre en position d\u2019impuissance. En quoi est-ce si diff\u00e9rent d\u2019une personne \u00e0 l\u2019autre et pour les femmes en particulier?\u00a0La socialisation et les attentes sociales envers les femmes, par rapport \u00e0 celles envers les hommes, marquent d\u2019embl\u00e9e une diff\u00e9rence majeure dans la libert\u00e9 d\u2019\u00eatre, de penser et d\u2019agir.<\/p>\n<h3>La socialisation des femmes et les attentes sociales envers elles<\/h3>\n<p>Encore aujourd\u2019hui, quand il y a violence, la soci\u00e9t\u00e9 pose un regard jugeant non seulement sur la responsabilit\u00e9 des agressions quand la victime est une femme, mais aussi sur les r\u00e9actions de ces derni\u00e8res. Ce regard influence n\u00e9cessairement l\u2019impact des agressions sur les femmes.<\/p>\n<p>La Toile d\u2019impuissance est une repr\u00e9sentation de l\u2019histoire de victimisation de chaque femme. Le contour et son ampleur illustrent l\u2019impact de ces attentes contraignantes alors qu\u2019\u00e0 l\u2019int\u00e9rieur, ce sont les agressions et les messages paralysants qui d\u00e9terminent le nombre de fils ainsi que leur nature.<\/p>\n<p>Pour chaque femme, la Toile varie selon trois \u00e9l\u00e9ments :<\/p>\n<ol>\n<li>L\u2019importance des contraintes sociales;<\/li>\n<li>L\u2019ampleur des agressions et la pertinence des messages opprimants;<\/li>\n<li>La r\u00e9action des autres face aux agressions subies.<\/li>\n<\/ol>\n<p>Pour d\u00e9lier la Toile d\u2019impuissance, il y a des fils \u00e0 amincir, \u00e0 lisser, \u00e0 couper. \u00c0 mesure que ces fils s\u2019\u00e9tiolent, la toile prend doucement la forme d\u2019une \u00e9toile, signe de libert\u00e9!<\/p>\n<p>Pour passer de la Toile \u00e0 l\u2019\u00c9toile, de l\u2019impuissance \u00e0 la libert\u00e9, une d\u00e9marche d\u2019analyse s\u2019applique. Il s\u2019agit essentiellement de critiquer, argumenter, et remettre en question les messages opprimants que les femmes ont int\u00e9gr\u00e9s au fil des exp\u00e9riences victimisantes et qui se sont empar\u00e9s de leur libert\u00e9. L\u2019objectif \u00e9tant de leur permettre de se recentrer sur leurs droits et d\u2019explorer des moyens de r\u00e9actions de libert\u00e9. Autrement dit, il s\u2019agit de se lib\u00e9rer de l\u2019emprise des exp\u00e9riences de violence pour s\u2019\u00e9panouir en toute libert\u00e9 et en pleine s\u00e9curit\u00e9.<\/p>\n<\/section>\n<ul>\n<li>\n\t\t\t<\/li>\n<\/ul>\n<header>\n<h3><strong>LES RESSOURCES<\/strong><\/h3>\n<\/header>\n<p>Source : De la Toile \u00e0 l\u2019\u00c9toile : guide de l\u2019intervenante en d\u00e9victimisation<\/p>\n<p>Outil d\u2019accompagnement aux sessions de formation sur le processus de d\u00e9victimisation, Regroupement des maisons pour femmes victimes de violence conjugale<\/p>\n<h3><strong>FAITS SAILLANTS<\/strong><\/h3>\n<p>Si la violence se r\u00e9p\u00e8te, le processus de victimisation s\u2019installe et la perception de responsabilit\u00e9 se d\u00e9forme; la femme croit qu\u2019elle est responsable de la violence qu\u2019elle subit.<\/p>\n<p>Constat\u00a0: La femme est socialis\u00e9e \u00e0 l\u2019impuissance. On demande aux petites filles de ne pas rechigner, de \u00ab\u00a0prendre leur trou\u00a0\u00bb. Il y a des subtilit\u00e9s dans l\u2019\u00e9ducation des gar\u00e7ons et des filles et, tr\u00e8s t\u00f4t la fille apprend l\u2019injustice.<\/p>\n<p>On rel\u00e8ve des strat\u00e9gies qui peuvent contrer la victimisation\u00a0:<\/p>\n<p>Plus de socialisation; Les filles et les femmes ont avantage \u00e0 prendre part \u00e0 la soci\u00e9t\u00e9. Plus elles seront actives et pr\u00e9sentes, moins elles seront vuln\u00e9rables.<\/p>\n<p>Condamnation des agressions; Trop souvent, les agressions sont ni\u00e9es, cach\u00e9es. Plusieurs signalements sont retir\u00e9s. \u00c9galement, on entretien le silence lorsque les gens sont t\u00e9moins d\u2019agressions. Toute agression doit \u00eatre d\u00e9clar\u00e9e et condamn\u00e9e. Si c\u2019\u00e9tait d\u00e9j\u00e0 r\u00e9alit\u00e9, les femmes n\u2019auraient pas autant de difficult\u00e9 \u00e0 d\u00e9noncer.<\/p>\n<p>Filles prot\u00e9g\u00e9es et soutenues par leur entourage; Il est primordial que le milieu soutienne toutes les filles. Si elles sont entour\u00e9es et \u00e9cout\u00e9es, elles ne seront pas des victimes.<\/p>\n<h3><strong>DOCUMENT<\/strong><\/h3>\n<p>Voici \u00e0 votre disposition le fichier de pr\u00e9sentation PowerPoint utilis\u00e9 lors de l\u2019atelier.<\/p>\n<p>\t\t\t<a href=\"http:\/\/femmeslaurentides.org\/acef\/wp-content\/uploads\/2017\/10\/impact_violence_sur_pouvoir.pptx\" target=\"_self\" role=\"button\"><br \/>\n\t\t\t\t\t\tT\u00e9l\u00e9charger<br \/>\n\t\t\t\t\t<\/a><br \/>\n\t\t\t\t<img loading=\"lazy\" src=\"http:\/\/femmeslaurentides.org\/acef\/wp-content\/uploads\/2017\/10\/partenaires.png\" alt=\"partenaires\" itemprop=\"image\" height=\"295\" width=\"886\"  \/><\/p>\n","protected":false},"excerpt":{"rendered":"<p>Violences envers les femmes L\u2019impact de la violence sur le pouvoir Diane Prud\u2019homme \u2022 Consultante en pr\u00e9vention de l\u2019intimidation Titulaire d\u2019une ma\u00eetrise en psychologie, elle fut coordonnatrice des dossiers li\u00e9s \u00e0 la probl\u00e9matique au Regroupement des maisons pour femmes victimes de violence conjugale (1985-2013). Auteure de livres et de documents sur la violence conjugale et&hellip;<\/p>\n","protected":false},"author":1,"featured_media":0,"parent":0,"menu_order":0,"comment_status":"closed","ping_status":"closed","template":"","meta":[],"_links":{"self":[{"href":"https:\/\/femmeslaurentides.org\/acef\/wp-json\/wp\/v2\/pages\/856"}],"collection":[{"href":"https:\/\/femmeslaurentides.org\/acef\/wp-json\/wp\/v2\/pages"}],"about":[{"href":"https:\/\/femmeslaurentides.org\/acef\/wp-json\/wp\/v2\/types\/page"}],"author":[{"embeddable":true,"href":"https:\/\/femmeslaurentides.org\/acef\/wp-json\/wp\/v2\/users\/1"}],"replies":[{"embeddable":true,"href":"https:\/\/femmeslaurentides.org\/acef\/wp-json\/wp\/v2\/comments?post=856"}],"version-history":[{"count":2,"href":"https:\/\/femmeslaurentides.org\/acef\/wp-json\/wp\/v2\/pages\/856\/revisions"}],"predecessor-version":[{"id":1431,"href":"https:\/\/femmeslaurentides.org\/acef\/wp-json\/wp\/v2\/pages\/856\/revisions\/1431"}],"wp:attachment":[{"href":"https:\/\/femmeslaurentides.org\/acef\/wp-json\/wp\/v2\/media?parent=856"}],"curies":[{"name":"wp","href":"https:\/\/api.w.org\/{rel}","templated":true}]}}