{"id":861,"date":"2016-01-12T04:31:44","date_gmt":"2016-01-12T09:31:44","guid":{"rendered":"http:\/\/apero.co\/rfl\/?page_id=861"},"modified":"2018-01-30T04:22:42","modified_gmt":"2018-01-30T04:22:42","slug":"la-violence-conjugale-post-separation","status":"publish","type":"page","link":"https:\/\/femmeslaurentides.org\/acef\/la-violence-conjugale-post-separation\/","title":{"rendered":"La violence conjugale post-s\u00e9paration"},"content":{"rendered":"<p>\t\t\t\t<img loading=\"lazy\" src=\"http:\/\/femmeslaurentides.org\/acef\/wp-content\/uploads\/2018\/01\/bandeau5.png\" alt=\"bandeau5\" itemprop=\"image\" height=\"206\" width=\"1310\"  \/><\/p>\n<h4>\n\t\tViolences envers les femmes<br \/>\n\t<\/h4>\n<h2>\n\t\tLa violence conjugale post-s\u00e9paration<br \/>\n\t<\/h2>\n<p>\t\t\t\t<img loading=\"lazy\" src=\"http:\/\/femmeslaurentides.org\/acef\/wp-content\/uploads\/2017\/10\/Logo-Maison-Ariane.jpg\" alt=\"Logo-Maison-Ariane\" itemprop=\"image\" height=\"119\" width=\"350\"  \/><\/p>\n<h3>Danielle Leblanc \u2022 Intervenante, La Maison d\u2019Ariane<\/h3>\n<p>Depuis plus de 30 ans, La Maison d\u2019Ariane a pour mission d\u2019accompagner les femmes et les enfants victimes de violence conjugale dans la reprise de pouvoir sur leur vie et de militer pour l\u2019\u00e9limination de cette probl\u00e9matique sociale.<\/p>\n<h3><strong>Une probl\u00e9matique m\u00e9connue qui porte atteinte \u00e0 la s\u00e9curit\u00e9 et aux droits des femmes et des enfants<\/strong><\/h3>\n<p>Les recherches d\u00e9montrent que la violence conjugale perdure apr\u00e8s la s\u00e9paration. Qui plus est, la p\u00e9riode de la rupture avec le conjoint oppresseur repr\u00e9sente un risque accru de dangerosit\u00e9 pour les femmes et les enfants. Malgr\u00e9 les enjeux de s\u00e9curit\u00e9 identifi\u00e9s, la violence post-s\u00e9paration demeure une probl\u00e9matique m\u00e9connue.<\/p>\n<p>Afin de lever l\u2019ombre sur ce ph\u00e9nom\u00e8ne social, des victimes de violence post-s\u00e9paration t\u00e9moignent de leurs exp\u00e9riences \u00e9prouvantes.\u00a0Pour certaines, l\u2019apr\u00e8s\u2013rupture est synonyme de peur paralysante, de harc\u00e8lement, d\u2019intensification des manifestations de contr\u00f4le, de terrorisme conjugal.\u00a0Les femmes et enfants rencontr\u00e9s ont permis de documenter l\u2019\u00e9tendue des cons\u00e9quences de cette violence dans leur vie, notamment sur leur s\u00e9curit\u00e9, leur relation m\u00e8re-enfants et sur leur sentiment d\u2019impuissance face \u00e0 cette probl\u00e9matique sociale v\u00e9cue en silence et souvent incomprise.<\/p>\n<p>D\u00e9finir la violence conjugale post-s\u00e9paration, reconnaitre cette forme de violence \u00e0 l\u2019\u00e9gard des femmes et des enfants, favoriser la reprise de pouvoir des victimes sur leur vie est une responsabilit\u00e9 collective. De ce fait, quels sont les facteurs de protection favorisant la reprise de pouvoir des victimes? Quel r\u00f4le peut jouer l\u2019entourage en regard du support, de l\u2019aide et des r\u00e9f\u00e9rences pouvant \u00eatre apport\u00e9s? Quelles interventions psychosociales et judiciaires doivent \u00eatre pr\u00e9conis\u00e9es?<\/p>\n<p>Des questionnements qui m\u00e9ritent toute notre attention!<\/p>\n<ul>\n<li>\n\t\t\t<\/li>\n<\/ul>\n<header>\n<h3><strong>LES RESSOURCES<\/strong><\/h3>\n<\/header>\n<p><a href=\"http:\/\/www.maisondariane.ca\/\" target=\"_blank\" rel=\"noopener\">www.maisondariane.ca<\/a><\/p>\n<p><a href=\"http:\/\/www.criviff.qc.ca\/\" target=\"_blank\" rel=\"noopener\">www.criviff.qc.ca<\/a><\/p>\n<p><a href=\"http:\/\/www.criviff.qc.ca\/upload\/publications\/pub_151\" target=\"_blank\" rel=\"noopener\">www.criviff.qc.ca\/upload\/publications\/pub_151<\/a><\/p>\n<h3><strong>FAITS SAILLANTS<\/strong><\/h3>\n<p>La violence post-s\u00e9paration est souvent vue comme un conflit parental ou une chicane d\u2019ex-conjoints. Il s\u2019agit pourtant de violence psychologique comme une attaque directe \u00e0 la relation m\u00e8re-enfant. Le harc\u00e8lement dont fait preuve l\u2019ex-conjoint peut mener \u00e0 l\u2019isolement, \u00e0 la peur.<\/p>\n<p>Parfois, on croit qu\u2019il est utile de garder un lien avec le p\u00e8re pour les enfants. Cependant, il faut \u00e9valuer la pertinence selon les besoins de l\u2019enfant. Aussi, des mesures de s\u00e9curit\u00e9 doivent \u00eatre d\u00e9ploy\u00e9es. Souvent, la femme est p\u00e9nalis\u00e9e au niveau des mesures de s\u00e9curit\u00e9. Dans les Laurentides, il y un manque de ressources pour assurer la s\u00e9curit\u00e9 lors des rencontres et visites supervis\u00e9es.<\/p>\n<p>Les policiers sont davantage form\u00e9s pour intervenir en situation de violence conjugale. Ils doivent \u00eatre form\u00e9s en relation d\u2019aide \u00e9galement.<\/p>\n<p>Les participantes sont unanimes; les femmes ne sont pas soutenues et prot\u00e9g\u00e9es par la loi. En situation de violence post-s\u00e9paration, les femmes sont moins \u00e9cout\u00e9es et moins entendues.<\/p>\n<h3><strong>DOCUMENT<\/strong><\/h3>\n<p>Voici \u00e0 votre disposition le fichier de pr\u00e9sentation PowerPoint utilis\u00e9 lors de l\u2019atelier.<\/p>\n<p>\t\t\t<a href=\"http:\/\/femmeslaurentides.org\/acef\/wp-content\/uploads\/2017\/10\/violence_conjugale_post_separation.pptx\" target=\"_self\" role=\"button\"><br \/>\n\t\t\t\t\t\tT\u00e9l\u00e9charger<br \/>\n\t\t\t\t\t<\/a><br \/>\n\t\t\t\t<img loading=\"lazy\" src=\"http:\/\/femmeslaurentides.org\/acef\/wp-content\/uploads\/2017\/10\/partenaires.png\" alt=\"partenaires\" itemprop=\"image\" height=\"295\" width=\"886\"  \/><\/p>\n","protected":false},"excerpt":{"rendered":"<p>Violences envers les femmes La violence conjugale post-s\u00e9paration Danielle Leblanc \u2022 Intervenante, La Maison d\u2019Ariane Depuis plus de 30 ans, La Maison d\u2019Ariane a pour mission d\u2019accompagner les femmes et les enfants victimes de violence conjugale dans la reprise de pouvoir sur leur vie et de militer pour l\u2019\u00e9limination de cette probl\u00e9matique sociale. Une probl\u00e9matique&hellip;<\/p>\n","protected":false},"author":1,"featured_media":0,"parent":0,"menu_order":0,"comment_status":"closed","ping_status":"closed","template":"","meta":[],"_links":{"self":[{"href":"https:\/\/femmeslaurentides.org\/acef\/wp-json\/wp\/v2\/pages\/861"}],"collection":[{"href":"https:\/\/femmeslaurentides.org\/acef\/wp-json\/wp\/v2\/pages"}],"about":[{"href":"https:\/\/femmeslaurentides.org\/acef\/wp-json\/wp\/v2\/types\/page"}],"author":[{"embeddable":true,"href":"https:\/\/femmeslaurentides.org\/acef\/wp-json\/wp\/v2\/users\/1"}],"replies":[{"embeddable":true,"href":"https:\/\/femmeslaurentides.org\/acef\/wp-json\/wp\/v2\/comments?post=861"}],"version-history":[{"count":2,"href":"https:\/\/femmeslaurentides.org\/acef\/wp-json\/wp\/v2\/pages\/861\/revisions"}],"predecessor-version":[{"id":1433,"href":"https:\/\/femmeslaurentides.org\/acef\/wp-json\/wp\/v2\/pages\/861\/revisions\/1433"}],"wp:attachment":[{"href":"https:\/\/femmeslaurentides.org\/acef\/wp-json\/wp\/v2\/media?parent=861"}],"curies":[{"name":"wp","href":"https:\/\/api.w.org\/{rel}","templated":true}]}}