{"id":865,"date":"2016-01-12T04:37:55","date_gmt":"2016-01-12T09:37:55","guid":{"rendered":"http:\/\/apero.co\/rfl\/?page_id=865"},"modified":"2018-01-30T03:39:53","modified_gmt":"2018-01-30T03:39:53","slug":"prostitution-travail-du-sexe-ou-exploitation-sexuelle","status":"publish","type":"page","link":"https:\/\/femmeslaurentides.org\/acef\/prostitution-travail-du-sexe-ou-exploitation-sexuelle\/","title":{"rendered":"Prostitution : travail du sexe ou exploitation sexuelle?"},"content":{"rendered":"<p>\t\t\t\t<img loading=\"lazy\" src=\"http:\/\/femmeslaurentides.org\/acef\/wp-content\/uploads\/2018\/01\/bandeau5.png\" alt=\"bandeau5\" itemprop=\"image\" height=\"206\" width=\"1310\"  \/><\/p>\n<h4>\n\t\tViolences envers les femmes<br \/>\n\t<\/h4>\n<h2>\n\t\tProstitution : travail du sexe ou exploitation sexuelle?<br \/>\n\t<\/h2>\n<p>\t\t\t\t<img loading=\"lazy\" src=\"http:\/\/femmeslaurentides.org\/acef\/wp-content\/uploads\/2017\/10\/logo_calacs_laurentides.jpg\" alt=\"logo_calacs_laurentides\" itemprop=\"image\" height=\"409\" width=\"400\"  \/><\/p>\n<h3>Chantal Dubois \u2022 Intervenante, CALACS-Laurentides<\/h3>\n<p>Le CALACS-Laurentides est un organisme\u00a0communautaire autonome sp\u00e9cialis\u00e9 en violence sexuelle. Sa mission s\u2019articule autour de trois volets d\u2019action : aide, pr\u00e9vention et lutte. L\u2019aide directe est offerte aux adolescentes et aux femmes ayant v\u00e9cu des agressions \u00e0 caract\u00e8re sexuel.<\/p>\n<h3><strong>La prostitution, d\u00e9bat d\u2019actualit\u00e9 \u00e0 l\u2019\u00e9chelle internationale\u2026comment s\u2019y retrouver?<\/strong><\/h3>\n<p>\u00ab Depuis une trentaine d\u2019ann\u00e9es, la prostitution s\u2019est d\u00e9velopp\u00e9e \u00e0 un rythme acc\u00e9l\u00e9r\u00e9 \u00e0 l\u2019\u00e9chelle plan\u00e9taire, jusqu\u2019\u00e0 devenir une v\u00e9ritable industrie. Dans le contexte de la mondialisation et des nouvelles technologies de communication, des groupes li\u00e9s au crime organis\u00e9 recrutent, transportent et exploitent des millions de femmes et d\u2019enfants \u00e0 travers le monde. Ce d\u00e9bat divise profond\u00e9ment tous les milieux, tant au niveau national qu\u2019international. Deux courants de pens\u00e9es s\u2019affrontent : l\u2019un pr\u00e9conise la lib\u00e9ralisation de la prostitution et sa professionnalisation, l\u2019autre la d\u00e9nonce comme la pire forme d\u2019exploitation sexuelle contre laquelle il faut lutter sans rel\u00e2che.<sup>1<\/sup>\u00a0\u00bb<\/p>\n<p>Comment s\u2019y retrouver pour pouvoir adopter une position \u00e9clair\u00e9e? Face \u00e0 cette situation, le Regroupement qu\u00e9b\u00e9cois des CALACS a \u00e9tudi\u00e9 la question en profondeur et recens\u00e9 les constats suivants :<\/p>\n<ul>\n<li>80 % des personnes prostitu\u00e9es entrent dans la prostitution alors qu\u2019elles sont mineures.<\/li>\n<li>Les prox\u00e9n\u00e8tes utilisent toutes sortes de strat\u00e9gies trompeuses, coercition pour recruter les filles et les femmes : mensonge, trahison et manipulation.<\/li>\n<li>85 % des personnes qui se prostituent ont v\u00e9cu des agressions sexuelles dans leur enfance.<\/li>\n<li>70 \u00e0 90 % des femmes qui se prostituent ont subi de la violence physique de la part des clients.<\/li>\n<li>La majorit\u00e9 des prox\u00e9n\u00e8tes exercent de la violence envers les personnes prostitu\u00e9es.<\/li>\n<li>La prostitution locale est indissociable de la traite nationale et internationale.<\/li>\n<\/ul>\n<p>Pour les CALACS, la prostitution rel\u00e8ve de l\u2019exploitation sexuelle des femmes<b>\u00a0<\/b>et \u00e0 ce titre, elle fait partie des nombreuses formes de violence sexuelle contre lesquelles les CALACS luttent, notamment par des activit\u00e9s d\u2019information et de pr\u00e9vention.<\/p>\n<p>La prostitution est une pratique d\u2019in\u00e9galit\u00e9 entre les sexes,\u00a0puisque la grande majorit\u00e9 des personnes qui se prostituent sont des femmes et des filles, et la majorit\u00e9 des prox\u00e9n\u00e8tes et des acheteurs sont des hommes.<\/p>\n<p>L\u00e9galiser la prostitution, c\u2019est l\u00e9galiser l\u2019in\u00e9galit\u00e9 entre les hommes et les femmes.<\/p>\n<ul>\n<li>\n\t\t\t<\/li>\n<\/ul>\n<header>\n<h3><strong>LES RESSOURCES<\/strong><\/h3>\n<p>Avis \u00ab La prostitution : il est temps d\u2019agir\u00bb, Conseil du statut de la femme, 2012<\/p>\n<p><a href=\"http:\/\/www.lacles.org\/\" target=\"_blank\" rel=\"noopener\">www.lacles.org<\/a><\/p>\n<p>Film\u00a0<i>L\u2019imposture<\/i>\u00a0par \u00c8ve Lamont<\/p>\n<\/header>\n<h3><strong>FAITS SAILLANTS<\/strong><\/h3>\n<p>Lors de la conf\u00e9rence, une vid\u00e9o intitul\u00e9e \u00ab\u00a0La prostitution, un m\u00e9tier pas comme les autres\u00a0\u00bb\u00a0est pr\u00e9sent\u00e9e. Certaines participantes ont affirm\u00e9 que le visionnement et la conf\u00e9rence ont aid\u00e9 \u00e0 \u00e9claircir leur position. En effet, apr\u00e8s coup, elles se sont d\u00e9clar\u00e9es abolitionnistes.<\/p>\n<p>La vid\u00e9o pr\u00e9sente des faits m\u00e9connus, comme le syndrome post-traumatique, qui est plus \u00e9lev\u00e9 chez les femmes qui se prostituent que chez les soldats. Aussi, la moyenne des d\u00e9c\u00e8s des femmes qui se prostituent est de 34 ans. \u00c9galement, on apprend que 80% des prostitu\u00e9es ont commenc\u00e9 \u00e0 se prostituer alors qu\u2019elles \u00e9taient mineures, l\u2019\u00e2ge moyen \u00e9tant de 14 ans.<\/p>\n<p>On retrouve beaucoup de similarit\u00e9s entre le comportement des prostitu\u00e9es et des femmes victimes de violence conjugale ; elles font du d\u00e9ni, elles se dissocient pour \u00ab\u00a0passer au travers\u00a0\u00bb. Aussi, comme dans les cas de violence, les prox\u00e9n\u00e8tes utilisent la tromperie et la manipulation pour arriver \u00e0 leurs fins.<\/p>\n<p>Dans les soci\u00e9t\u00e9s o\u00f9 on accorde peu d\u2019importance aux femmes, il y a plus d\u2019agressions faites contre les femmes qui se prostituent.<\/p>\n<p>\u00ab\u00a0La prostitution est \u00e0 la soci\u00e9t\u00e9 ce que l\u2019inceste est \u00e0 la famille\u00a0\u00bb\u00a0Dre Judith Trinquart (Sisyphe)<\/p>\n<p>\t\t\t\t<img loading=\"lazy\" src=\"http:\/\/femmeslaurentides.org\/acef\/wp-content\/uploads\/2017\/10\/partenaires.png\" alt=\"partenaires\" itemprop=\"image\" height=\"295\" width=\"886\"  \/><\/p>\n","protected":false},"excerpt":{"rendered":"<p>Violences envers les femmes Prostitution : travail du sexe ou exploitation sexuelle? Chantal Dubois \u2022 Intervenante, CALACS-Laurentides Le CALACS-Laurentides est un organisme\u00a0communautaire autonome sp\u00e9cialis\u00e9 en violence sexuelle. Sa mission s\u2019articule autour de trois volets d\u2019action : aide, pr\u00e9vention et lutte. L\u2019aide directe est offerte aux adolescentes et aux femmes ayant v\u00e9cu des agressions \u00e0 caract\u00e8re&hellip;<\/p>\n","protected":false},"author":1,"featured_media":0,"parent":0,"menu_order":0,"comment_status":"closed","ping_status":"closed","template":"","meta":[],"_links":{"self":[{"href":"https:\/\/femmeslaurentides.org\/acef\/wp-json\/wp\/v2\/pages\/865"}],"collection":[{"href":"https:\/\/femmeslaurentides.org\/acef\/wp-json\/wp\/v2\/pages"}],"about":[{"href":"https:\/\/femmeslaurentides.org\/acef\/wp-json\/wp\/v2\/types\/page"}],"author":[{"embeddable":true,"href":"https:\/\/femmeslaurentides.org\/acef\/wp-json\/wp\/v2\/users\/1"}],"replies":[{"embeddable":true,"href":"https:\/\/femmeslaurentides.org\/acef\/wp-json\/wp\/v2\/comments?post=865"}],"version-history":[{"count":2,"href":"https:\/\/femmeslaurentides.org\/acef\/wp-json\/wp\/v2\/pages\/865\/revisions"}],"predecessor-version":[{"id":1423,"href":"https:\/\/femmeslaurentides.org\/acef\/wp-json\/wp\/v2\/pages\/865\/revisions\/1423"}],"wp:attachment":[{"href":"https:\/\/femmeslaurentides.org\/acef\/wp-json\/wp\/v2\/media?parent=865"}],"curies":[{"name":"wp","href":"https:\/\/api.w.org\/{rel}","templated":true}]}}