{"id":871,"date":"2016-01-12T04:44:06","date_gmt":"2016-01-12T09:44:06","guid":{"rendered":"http:\/\/apero.co\/rfl\/?page_id=871"},"modified":"2018-01-30T04:05:28","modified_gmt":"2018-01-30T04:05:28","slug":"sante-mentale-enjeux-defis-et-pistes-de-solutions","status":"publish","type":"page","link":"https:\/\/femmeslaurentides.org\/acef\/sante-mentale-enjeux-defis-et-pistes-de-solutions\/","title":{"rendered":"Sant\u00e9 mentale : enjeux, d\u00e9fis et pistes de solutions"},"content":{"rendered":"<p>\t\t\t\t<img loading=\"lazy\" src=\"http:\/\/femmeslaurentides.org\/acef\/wp-content\/uploads\/2018\/01\/bandeau5.png\" alt=\"bandeau5\" itemprop=\"image\" height=\"206\" width=\"1310\"  \/><\/p>\n<h4>\n\t\tSant\u00e9 des femmes<br \/>\n\t<\/h4>\n<h2>\n\t\tSant\u00e9 mentale : enjeux, d\u00e9fis et pistes de solutions<br \/>\n\t<\/h2>\n<p>\t\t\t\t<img loading=\"lazy\" src=\"http:\/\/femmeslaurentides.org\/acef\/wp-content\/uploads\/2017\/10\/logo_RQASF.jpg\" alt=\"logo_RQASF\" itemprop=\"image\" height=\"309\" width=\"400\"  \/><\/p>\n<h3>R\u00e9seau qu\u00e9b\u00e9cois d\u2019action pour la sant\u00e9 des femmes (RQASF)<\/h3>\n<p>Le R\u00e9seau qu\u00e9b\u00e9cois d\u2019action pour la sant\u00e9 des femmes (RQASF) est un organisme provincial \u00e0 but non lucratif qui travaille \u00e0 l\u2019am\u00e9lioration de la sant\u00e9 physique et mentale des femmes, ainsi que de leurs conditions de vie.<\/p>\n<h3><strong>De la prise de pouvoir sur soi \u00e0 la surench\u00e8re du m\u00e9dical<\/strong><\/h3>\n<p>Selon l\u2019approche globale et f\u00e9ministe, la sant\u00e9 mentale se d\u00e9finit comme un \u00e9tat d\u2019\u00e9quilibre et de bien-\u00eatre qui r\u00e9sulte d\u2019un tissu complexe de causes et de d\u00e9terminants biologiques, psychologiques et sociaux qui agissent en interaction.<\/p>\n<p>Ce qui provoque la d\u00e9tresse psychologique et menace la sant\u00e9 mentale a souvent un rapport avec le pouvoir ou le manque de pouvoir. L\u2019oppression, l\u2019injustice, la discrimination, l\u2019exclusion sociale, la violence, la pauvret\u00e9 participent \u00e0 ces encha\u00eenements d\u2019\u00e9v\u00e9nements qui, au cours d\u2019une vie, peuvent conduire \u00e0 la d\u00e9tresse ou aux troubles mentaux.<\/p>\n<p>Un tiers des femmes subiraient au cours de leur vie au moins un \u00e9pisode de violence conjugale, sexuelle, ou de violence psychologique extr\u00eame.<b>\u00a0<\/b>De 10 % \u00e0 33 % des filles subiraient des violences sexuelles au cours de leur enfance. Une femme sur quatre vivrait de la violence conjugale, le plus haut taux se situant parmi les jeunes. Les cons\u00e9quences sur la sant\u00e9 mentale sont document\u00e9es. On sait que les violences de tous ordres sont courantes dans l\u2019histoire de vie des femmes vivant avec de graves probl\u00e8mes de sant\u00e9 mentale, des itin\u00e9rantes et des femmes qui ont des probl\u00e8mes psychiatriques.<\/p>\n<p>La d\u00e9tresse mentale peut \u00eatre vue comme une r\u00e9action de r\u00e9volte consciente ou inconsciente \u00e0 une exp\u00e9rience d\u2019injustice. Le pouvoir joue un tout aussi grand r\u00f4le dans la gu\u00e9rison, d\u2019o\u00f9 l\u2019importance capitale de l\u2019empowerment dans l\u2019intervention f\u00e9ministe.<\/p>\n<p>Sans prise en compte des origines ou de la nature de ce qui peut affecter la sant\u00e9 mentale, la r\u00e9ponse m\u00e9dicale est en g\u00e9n\u00e9ral l\u2019\u00e9tablissement d\u2019un diagnostic, puis la prescription de m\u00e9dicaments ou traitements associ\u00e9s \u00e0 ce diagnostic. Toutefois, la m\u00e9dication n\u2019est pas indiqu\u00e9e dans toutes les situations de difficult\u00e9s \u00e9motionnelles ou psychiques.<\/p>\n<p>Est-il appropri\u00e9 de m\u00e9dicaliser lorsque les causes des probl\u00e8mes des personnes sont sociales? Ou m\u00eame lorsque ces causes sont personnelles et psychologiques? Les connaissances sur lesquelles se base le personnel m\u00e9dical pour diagnostiquer et prescrire sont-elles toujours scientifiques, fiables? Les facteurs sociaux sont-ils pris en compte? Aujourd\u2019hui, des voix s\u2019\u00e9l\u00e8vent pour contester cette surench\u00e8re du m\u00e9dical.<\/p>\n<ul>\n<li>\n\t\t\t<\/li>\n<\/ul>\n<header>\n<h3><strong>LES RESSOURCES<\/strong><\/h3>\n<\/header>\n<p><a href=\"http:\/\/www.droitsetrecourslaurentides.org\/\" target=\"_blank\" rel=\"noopener\">http:\/\/www.droitsetrecourslaurentides.org\/<\/a><\/p>\n<p><a href=\"http:\/\/www.rrasmq.com\/\" target=\"_blank\" rel=\"noopener\">http:\/\/www.rrasmq.com\/<\/a><\/p>\n<p><a href=\"http:\/\/www.actionautonomie.qc.ca\/\" target=\"_blank\" rel=\"noopener\">http:\/\/www.actionautonomie.qc.ca\/<\/a><\/p>\n<h3><strong>FAITS SAILLANTS<\/strong><\/h3>\n<p>La sant\u00e9 des femmes fait l\u2019objet d\u2019une m\u00e9dicalisation. En effet, on prescrit des m\u00e9dicaments pour tout, m\u00eame pour les \u00e9v\u00e9nements naturels dans la vie d\u2019une femme tels que les menstruations, la grossesse et la m\u00e9nopause.<\/p>\n<p>De la m\u00eame fa\u00e7on, les prescriptions d\u2019antid\u00e9presseurs se sont multipli\u00e9es de fa\u00e7on exponentielle. La conf\u00e9renci\u00e8re affirme que nous avons moins de probl\u00e8mes mentaux que la soci\u00e9t\u00e9 nous laisse croire.<\/p>\n<p>Le fait de ne pas faire d\u2019analyse diff\u00e9renci\u00e9e selon les sexes au niveau m\u00e9dical est une aberration pour les femmes. La recherche et les m\u00e9decins doivent tenir compte du sexe de la personne pour poser le diagnostic et d\u00e9terminer les traitements.<\/p>\n<h3><strong>VID\u00c9O<\/strong><\/h3>\n<p>\t<iframe src=\"https:\/\/player.vimeo.com\/video\/152085379\" width=\"500\" height=\"281\" frameborder=\"0\" title=\"Sant&eacute; mentale720p\" webkitallowfullscreen mozallowfullscreen allowfullscreen><\/iframe><\/p>\n<h3><strong>DOCUMENT<\/strong><\/h3>\n<p>Voici \u00e0 votre disposition un fichier de ressources.<\/p>\n<p>\t\t\t<a href=\"http:\/\/femmeslaurentides.org\/acef\/wp-content\/uploads\/2017\/10\/ressources_sante_mentale.doc\" target=\"_self\" role=\"button\"><br \/>\n\t\t\t\t\t\tT\u00e9l\u00e9charger<br \/>\n\t\t\t\t\t<\/a><br \/>\n\t\t\t\t<img loading=\"lazy\" src=\"http:\/\/femmeslaurentides.org\/acef\/wp-content\/uploads\/2017\/10\/partenaires.png\" alt=\"partenaires\" itemprop=\"image\" height=\"295\" width=\"886\"  \/><\/p>\n","protected":false},"excerpt":{"rendered":"<p>Sant\u00e9 des femmes Sant\u00e9 mentale : enjeux, d\u00e9fis et pistes de solutions R\u00e9seau qu\u00e9b\u00e9cois d\u2019action pour la sant\u00e9 des femmes (RQASF) Le R\u00e9seau qu\u00e9b\u00e9cois d\u2019action pour la sant\u00e9 des femmes (RQASF) est un organisme provincial \u00e0 but non lucratif qui travaille \u00e0 l\u2019am\u00e9lioration de la sant\u00e9 physique et mentale des femmes, ainsi que de leurs&hellip;<\/p>\n","protected":false},"author":1,"featured_media":0,"parent":0,"menu_order":0,"comment_status":"closed","ping_status":"closed","template":"","meta":[],"_links":{"self":[{"href":"https:\/\/femmeslaurentides.org\/acef\/wp-json\/wp\/v2\/pages\/871"}],"collection":[{"href":"https:\/\/femmeslaurentides.org\/acef\/wp-json\/wp\/v2\/pages"}],"about":[{"href":"https:\/\/femmeslaurentides.org\/acef\/wp-json\/wp\/v2\/types\/page"}],"author":[{"embeddable":true,"href":"https:\/\/femmeslaurentides.org\/acef\/wp-json\/wp\/v2\/users\/1"}],"replies":[{"embeddable":true,"href":"https:\/\/femmeslaurentides.org\/acef\/wp-json\/wp\/v2\/comments?post=871"}],"version-history":[{"count":1,"href":"https:\/\/femmeslaurentides.org\/acef\/wp-json\/wp\/v2\/pages\/871\/revisions"}],"predecessor-version":[{"id":1427,"href":"https:\/\/femmeslaurentides.org\/acef\/wp-json\/wp\/v2\/pages\/871\/revisions\/1427"}],"wp:attachment":[{"href":"https:\/\/femmeslaurentides.org\/acef\/wp-json\/wp\/v2\/media?parent=871"}],"curies":[{"name":"wp","href":"https:\/\/api.w.org\/{rel}","templated":true}]}}