{"id":920,"date":"2016-01-12T09:11:41","date_gmt":"2016-01-12T14:11:41","guid":{"rendered":"http:\/\/apero.co\/rfl\/?page_id=920"},"modified":"2018-01-30T04:27:09","modified_gmt":"2018-01-30T04:27:09","slug":"reseau-des-femmes-des-laurentides","status":"publish","type":"page","link":"https:\/\/femmeslaurentides.org\/acef\/reseau-des-femmes-des-laurentides\/","title":{"rendered":"R\u00e9seau des femmes des Laurentides"},"content":{"rendered":"<p>\t\t\t\t<img loading=\"lazy\" src=\"http:\/\/femmeslaurentides.org\/acef\/wp-content\/uploads\/2018\/01\/bandeau5.png\" alt=\"bandeau5\" itemprop=\"image\" height=\"206\" width=\"1310\"  \/><\/p>\n<h2>\n\t\tR\u00e9seau des femmes des Laurentides<br \/>\n\t<\/h2>\n<h4>\n\t\tUne table de concertation en condition f\u00e9minine active dans sa communaut\u00e9<br \/>\n\t<\/h4>\n<p>Depuis un quart de si\u00e8cle, le R\u00e9seau des femmes des Laurentides (RFL) \u0153uvre pour l\u2019am\u00e9lioration des conditions de vie des femmes dans la r\u00e9gion, en s\u2019assurant que leurs r\u00e9alit\u00e9s soient mieux connues, reconnues et prises en compte sur tous les plans locaux et r\u00e9gionaux.<\/p>\n<p>Fond\u00e9 officiellement en 1990, le RFL avait d\u00e9j\u00e0 amorc\u00e9 ses activit\u00e9s d\u00e8s 1987. Il exerce aujourd\u2019hui un r\u00f4le central de concertation et de mobilisation au sein du mouvement des femmes des Laurentides. En 2015, le RFL rassemble et repr\u00e9sente dix-neuf groupes de femmes, ainsi que les int\u00e9r\u00eats des femmes de toute la r\u00e9gion des Laurentides (huit MRC r\u00e9parties sur\u00a022 000 km\u00b2).<\/p>\n<p>L\u2019organisme favorise la solidarit\u00e9 entre les femmes, leur affirmation, la prise en compte de leurs int\u00e9r\u00eats dans la vie collective, le d\u00e9veloppement de leur pleine autonomie, la reconnaissance de leur contribution \u00e0 la soci\u00e9t\u00e9, leur implication dans les lieux de pouvoir, etc., de fa\u00e7on \u00e0 am\u00e9liorer leurs conditions de vie et leur mieux-\u00eatre global.<\/p>\n<p>Reconnu comme r\u00e9f\u00e9rence r\u00e9gionale en mati\u00e8re de condition f\u00e9minine, le RFL se veut d\u2019abord un lieu de r\u00e9flexion et d\u2019action tourn\u00e9 vers des objectifs communs \u00e0 tous ses membres : un milieu de vie plus juste et plus \u00e9galitaire.<\/p>\n<p>Le RFL agit politiquement, sans partisannerie, pour que les droits et les int\u00e9r\u00eats des femmes soient concr\u00e8tement respect\u00e9s dans des domaines comme la sant\u00e9, la politique ainsi que le d\u00e9veloppement social et \u00e9conomique de notre r\u00e9gion.<\/p>\n<p>Avec ses membres, le RFL identifie des priorit\u00e9s r\u00e9gionales en mati\u00e8re de condition f\u00e9minine et d\u00e9veloppe des projets en lien direct avec les besoins r\u00e9els rencontr\u00e9s sur le terrain. Il a ainsi d\u00e9velopp\u00e9 des expertises cibl\u00e9es en condition f\u00e9minine au cours des derni\u00e8res ann\u00e9es, notamment sur des sujets comme la sant\u00e9 mentale des femmes et l\u2019implication citoyenne et politique des femmes.<\/p>\n<p>\u00ab Nous proposons de construire un autre monde o\u00f9 l\u2019exploitation, l\u2019oppression, l\u2019intol\u00e9rance et les exclusions n\u2019existent plus, o\u00f9 l\u2019int\u00e9grit\u00e9, la diversit\u00e9, les droits et les libert\u00e9s de toutes et de tous sont respect\u00e9s. \u00bb<\/p>\n<h6>Source : Charte mondiale des femmes pour l\u2019humanit\u00e9, Version qu\u00e9b\u00e9coise illustr\u00e9e, adopt\u00e9e au Rwanda, le 10 d\u00e9cembre 2004<\/h6>\n<p>\t\t\t\t<img loading=\"lazy\" src=\"http:\/\/femmeslaurentides.org\/acef\/wp-content\/uploads\/2017\/10\/partenaires.png\" alt=\"partenaires\" itemprop=\"image\" height=\"295\" width=\"886\"  \/><\/p>\n","protected":false},"excerpt":{"rendered":"<p>R\u00e9seau des femmes des Laurentides Une table de concertation en condition f\u00e9minine active dans sa communaut\u00e9 Depuis un quart de si\u00e8cle, le R\u00e9seau des femmes des Laurentides (RFL) \u0153uvre pour l\u2019am\u00e9lioration des conditions de vie des femmes dans la r\u00e9gion, en s\u2019assurant que leurs r\u00e9alit\u00e9s soient mieux connues, reconnues et prises en compte sur tous&hellip;<\/p>\n","protected":false},"author":1,"featured_media":0,"parent":0,"menu_order":0,"comment_status":"closed","ping_status":"closed","template":"","meta":[],"_links":{"self":[{"href":"https:\/\/femmeslaurentides.org\/acef\/wp-json\/wp\/v2\/pages\/920"}],"collection":[{"href":"https:\/\/femmeslaurentides.org\/acef\/wp-json\/wp\/v2\/pages"}],"about":[{"href":"https:\/\/femmeslaurentides.org\/acef\/wp-json\/wp\/v2\/types\/page"}],"author":[{"embeddable":true,"href":"https:\/\/femmeslaurentides.org\/acef\/wp-json\/wp\/v2\/users\/1"}],"replies":[{"embeddable":true,"href":"https:\/\/femmeslaurentides.org\/acef\/wp-json\/wp\/v2\/comments?post=920"}],"version-history":[{"count":1,"href":"https:\/\/femmeslaurentides.org\/acef\/wp-json\/wp\/v2\/pages\/920\/revisions"}],"predecessor-version":[{"id":1434,"href":"https:\/\/femmeslaurentides.org\/acef\/wp-json\/wp\/v2\/pages\/920\/revisions\/1434"}],"wp:attachment":[{"href":"https:\/\/femmeslaurentides.org\/acef\/wp-json\/wp\/v2\/media?parent=920"}],"curies":[{"name":"wp","href":"https:\/\/api.w.org\/{rel}","templated":true}]}}