{"id":926,"date":"2016-01-12T09:16:02","date_gmt":"2016-01-12T14:16:02","guid":{"rendered":"http:\/\/apero.co\/rfl\/?page_id=926"},"modified":"2018-01-30T04:43:07","modified_gmt":"2018-01-30T04:43:07","slug":"analyse-differenciee-selon-les-sexes-ads","status":"publish","type":"page","link":"https:\/\/femmeslaurentides.org\/acef\/analyse-differenciee-selon-les-sexes-ads\/","title":{"rendered":"Analyse diff\u00e9renci\u00e9e selon les sexes (ADS)"},"content":{"rendered":"<p>\t\t\t\t<img loading=\"lazy\" src=\"http:\/\/femmeslaurentides.org\/acef\/wp-content\/uploads\/2018\/01\/bandeau5.png\" alt=\"bandeau5\" itemprop=\"image\" height=\"206\" width=\"1310\"  \/><\/p>\n<h2>\n\t\tQu\u2019est-ce que l\u2019ADS? et pourquoi les groupes de femmes la r\u00e9clament?<br \/>\n\t<\/h2>\n<h4>\n\t\tPar Charlotte Thibault, collaboration sp\u00e9ciale<br \/>\n\t<\/h4>\n<p>L\u2019analyse diff\u00e9renci\u00e9e selon les sexes (ADS) est un outil reconnu mondialement et dont la mise en application a \u00e9t\u00e9 l\u2019engagement principal des gouvernements canadien et qu\u00e9b\u00e9cois suite \u00e0 la 4<sup>e<\/sup>conf\u00e9rence mondiale sur les femmes \u00e0 Beijing, en 1995. Selon le\u00a0minist\u00e8re de la Famille, des A\u00een\u00e9s et de la Condition f\u00e9minine\u00a0:<\/p>\n<p><i>L\u2019ADS est un processus d\u2019analyse favorisant l\u2019atteinte de l\u2019\u00e9galit\u00e9 entre les femmes et les hommes par l\u2019entremise des orientations et des actions des instances d\u00e9cisionnelles de la soci\u00e9t\u00e9 sur le plan local, r\u00e9gional et national.<\/i><\/p>\n<p>Elle a pour objet de discerner de fa\u00e7on pr\u00e9ventive les effets distincts sur les femmes et les hommes que pourra avoir l\u2019adoption d\u2019un projet \u00e0 l\u2019intention des citoyennes et des citoyens, et ce, sur la base des r\u00e9alit\u00e9s et des besoins diff\u00e9renci\u00e9s des femmes et des hommes. Elle s\u2019effectue au cours de l\u2019\u00e9laboration, de la mise en \u0153uvre, de l\u2019\u00e9valuation et du suivi d\u2019un projet. Dans certaines situations, l\u2019ADS m\u00e8nera \u00e0 l\u2019offre de mesures diff\u00e9rentes aux femmes et aux hommes en vue de r\u00e9duire les in\u00e9galit\u00e9s. Sa finalit\u00e9 est d\u2019atteindre une \u00e9galit\u00e9 de fait, c\u2019est-\u00e0-dire une \u00e9galit\u00e9 qui s\u2019exprime concr\u00e8tement.<\/p>\n<p>L\u2019\u00e9galit\u00e9 est con\u00e7ue comme une notion qui propose que les femmes et les hommes aient des conditions \u00e9gales pour exercer pleinement leurs droits, pour exploiter leur potentiel ainsi que pour contribuer \u00e0 l\u2019\u00e9volution politique, \u00e9conomique, sociale et culturelle tout en profitant \u00e9galement de ces changements<sup>1<\/sup>.<\/p>\n<p>Pour illustrer le processus, prenons l\u2019exemple d\u2019une municipalit\u00e9 qui veut r\u00e9am\u00e9nager un parc dans un quartier r\u00e9sidentiel afin que les enfants l\u2019utilisent davantage. On proc\u00e8de alors \u00e0 une analyse de la population du quartier et des espaces priv\u00e9s et publics fr\u00e9quent\u00e9s par les enfants. Si on utilise l\u2019ADS, on recueillera\u00a0\u00a0des donn\u00e9s quantitatives et qualitatives sexu\u00e9es pour savoir qui utilisent pr\u00e9sentement le parc et d\u00e9couvrir si une probl\u00e9matique particuli\u00e8re \u00e0 l\u2019un ou l\u2019autre sexe existe. Qui vit dans ce quartier, des locataires? Des propri\u00e9taires de r\u00e9sidences unifamiliales? Les enfants ont-ils plus tendance \u00e0 jouer dans les cours priv\u00e9es que dans le parc? Si les filles sont moins nombreuses \u00e0 utiliser le parc, les jeux correspondent-ils \u00e0 leurs int\u00e9r\u00eats? Quels jeux seraient davantage \u00e0 privil\u00e9gier pour attirer les filles? Est-ce que les lieux semblent s\u00e9curitaires? Que pensent les parents de cet endroit? Leur semble-t-il s\u00e9curitaire? Doit-on tenir compte d\u2019autres facteurs (culturels, religieux, etc.)?<\/p>\n<p>Apr\u00e8s avoir rencontr\u00e9 les enfants et les parents puis compl\u00e9t\u00e9 l\u2019analyse, un besoin de s\u00e9curit\u00e9 am\u00e8nera peut-\u00eatre une taille des buissons ou un meilleur \u00e9clairage. Aussi, une animation pourrait appara\u00eetre n\u00e9cessaire pour permettre une participation \u00e9quilibr\u00e9e des enfants au parc\u00a0\u00a0(ex. horaire d\u2019utilisation des terrains de jeux pour les sports d\u2019\u00e9quipe). Enfin, une \u00e9valuation r\u00e9guli\u00e8re permettra d\u2019ajuster le projet et de s\u2019assurer que les enfants, tant filles que gar\u00e7ons, utilisent le parc, le tout \u00e0 la satisfaction des citoyennes et des citoyens ainsi que de la municipalit\u00e9.<\/p>\n<p>En conclusion,\u00a0une ADS peut se faire pour \u00e9valuer et ex\u00e9cuter toute d\u00e9cision qui touche la population.\u00a0\u00a0Elle permet une meilleure allocation des fonds et des politiques plus efficaces. Il ne nous reste plus qu\u2019\u00e0 souhaiter qu\u2019elle soit utilis\u00e9e de fa\u00e7on syst\u00e9matique.<\/p>\n<p>Voici d\u2019autres exemples o\u00f9 l\u2019on a tenu compte des r\u00e9alit\u00e9s diff\u00e9renci\u00e9es des femmes et des hommes :<\/p>\n<p><b>Une affaire de c\u0153ur<\/b><\/p>\n<p>Depuis longtemps, la majorit\u00e9 des recherches sur les maladies cardiovasculaires en mati\u00e8re de pr\u00e9vention, de diagnostic et de traitement \u00e9taient r\u00e9alis\u00e9es aupr\u00e8s des hommes. Une vision renouvel\u00e9e des deux sexes a r\u00e9v\u00e9l\u00e9 que les sympt\u00f4mes se manifestaient de fa\u00e7ons diff\u00e9rentes pour les hommes et les femmes. Il a donc \u00e9t\u00e9 possible d\u2019adapter l\u2019information et la pr\u00e9vention des maladies cardiovasculaires aux besoins des femmes.<\/p>\n<p><b>Une am\u00e9lioration de taille<\/b><\/p>\n<p>Une \u00e9tude portant sur le port du ceinturon \u00e0 la taille a \u00e9t\u00e9 men\u00e9e aupr\u00e8s des polici\u00e8res et des policiers. Une ADS a fait ressortir que les polici\u00e8res \u00e9taient davantage touch\u00e9es par des l\u00e9sions professionnelles que les hommes parce que le ceinturon \u00e9tait trop lourd. La composition et le contenu du ceinturon ont \u00e9t\u00e9 modifi\u00e9s et all\u00e9g\u00e9s. Maintenant, autant les policiers que les polici\u00e8res b\u00e9n\u00e9ficient de ce changement.<\/p>\n<h6><sup>1\u00a0<\/sup>Minist\u00e8re de la Famille, des A\u00een\u00e9s et de la Condition f\u00e9minine, Pour que l\u2019\u00e9galit\u00e9 de droit devienne une \u00e9galit\u00e9 de fait. Politique gouvernementale pour le d\u00e9veloppement \u00e9conomique. L\u2019\u00e9galit\u00e9 entre les femmes et les hommes, Qu\u00e9bec\/Montr\u00e9al, MFAFC, 2006, p. 26.<\/h6>\n<p>\t\t\t\t<img loading=\"lazy\" src=\"http:\/\/femmeslaurentides.org\/acef\/wp-content\/uploads\/2017\/10\/partenaires.png\" alt=\"partenaires\" itemprop=\"image\" height=\"295\" width=\"886\"  \/><\/p>\n","protected":false},"excerpt":{"rendered":"<p>Qu\u2019est-ce que l\u2019ADS? et pourquoi les groupes de femmes la r\u00e9clament? Par Charlotte Thibault, collaboration sp\u00e9ciale L\u2019analyse diff\u00e9renci\u00e9e selon les sexes (ADS) est un outil reconnu mondialement et dont la mise en application a \u00e9t\u00e9 l\u2019engagement principal des gouvernements canadien et qu\u00e9b\u00e9cois suite \u00e0 la 4econf\u00e9rence mondiale sur les femmes \u00e0 Beijing, en 1995. Selon&hellip;<\/p>\n","protected":false},"author":1,"featured_media":0,"parent":0,"menu_order":0,"comment_status":"closed","ping_status":"closed","template":"","meta":[],"_links":{"self":[{"href":"https:\/\/femmeslaurentides.org\/acef\/wp-json\/wp\/v2\/pages\/926"}],"collection":[{"href":"https:\/\/femmeslaurentides.org\/acef\/wp-json\/wp\/v2\/pages"}],"about":[{"href":"https:\/\/femmeslaurentides.org\/acef\/wp-json\/wp\/v2\/types\/page"}],"author":[{"embeddable":true,"href":"https:\/\/femmeslaurentides.org\/acef\/wp-json\/wp\/v2\/users\/1"}],"replies":[{"embeddable":true,"href":"https:\/\/femmeslaurentides.org\/acef\/wp-json\/wp\/v2\/comments?post=926"}],"version-history":[{"count":1,"href":"https:\/\/femmeslaurentides.org\/acef\/wp-json\/wp\/v2\/pages\/926\/revisions"}],"predecessor-version":[{"id":1436,"href":"https:\/\/femmeslaurentides.org\/acef\/wp-json\/wp\/v2\/pages\/926\/revisions\/1436"}],"wp:attachment":[{"href":"https:\/\/femmeslaurentides.org\/acef\/wp-json\/wp\/v2\/media?parent=926"}],"curies":[{"name":"wp","href":"https:\/\/api.w.org\/{rel}","templated":true}]}}