{"id":930,"date":"2016-01-12T09:25:27","date_gmt":"2016-01-12T14:25:27","guid":{"rendered":"http:\/\/apero.co\/rfl\/?page_id=930"},"modified":"2018-01-30T03:24:30","modified_gmt":"2018-01-30T03:24:30","slug":"presentation-autonomie","status":"publish","type":"page","link":"https:\/\/femmeslaurentides.org\/acef\/presentation-autonomie\/","title":{"rendered":"Pr\u00e9sentation : Autonomie \u00e9conomique des femmes"},"content":{"rendered":"<p>\t\t\t\t<img loading=\"lazy\" src=\"http:\/\/femmeslaurentides.org\/acef\/wp-content\/uploads\/2018\/01\/bandeau5.png\" alt=\"bandeau5\" itemprop=\"image\" height=\"206\" width=\"1310\"  \/><\/p>\n<h2>\n\t\tPr\u00e9sentation<br \/>\n\t<\/h2>\n<h4>\n\t\tAutonomie \u00e9conomique des femmes, un pr\u00e9requis \u00e0 l\u2019\u00e9galit\u00e9<br \/>\n\t<\/h4>\n<p>\t\t\t\t\t\t\t\t\t<a href=\"http:\/\/prezi.com\/0uelpzorpnt3\/?utm_campaign=share&#038;utm_medium=copy&#038;rc=ex0share\" target=\"_self\" itemprop=\"url\"><br \/>\n\t\t\t\t\t\t\t\t\t\t<img src=\"http:\/\/femmeslaurentides.org\/acef\/wp-content\/uploads\/2018\/01\/Capture-d\u2019e\u0301cran-2018-01-29-a\u0300-22.22.02.png\" alt=\"Capture d\u2019e\u0301cran 2018-01-29 a\u0300 22.22.02\" itemprop=\"image\"  \/><br \/>\n\t\t\t\t\t\t\t\t\t<\/a><br \/>\n\t\t\t\t<img loading=\"lazy\" src=\"http:\/\/femmeslaurentides.org\/acef\/wp-content\/uploads\/2017\/10\/partenaires.png\" alt=\"partenaires\" itemprop=\"image\" height=\"295\" width=\"886\"  \/><\/p>\n","protected":false},"excerpt":{"rendered":"<p>Pr\u00e9sentation Autonomie \u00e9conomique des femmes, un pr\u00e9requis \u00e0 l\u2019\u00e9galit\u00e9<\/p>\n","protected":false},"author":1,"featured_media":0,"parent":0,"menu_order":0,"comment_status":"closed","ping_status":"closed","template":"","meta":[],"_links":{"self":[{"href":"https:\/\/femmeslaurentides.org\/acef\/wp-json\/wp\/v2\/pages\/930"}],"collection":[{"href":"https:\/\/femmeslaurentides.org\/acef\/wp-json\/wp\/v2\/pages"}],"about":[{"href":"https:\/\/femmeslaurentides.org\/acef\/wp-json\/wp\/v2\/types\/page"}],"author":[{"embeddable":true,"href":"https:\/\/femmeslaurentides.org\/acef\/wp-json\/wp\/v2\/users\/1"}],"replies":[{"embeddable":true,"href":"https:\/\/femmeslaurentides.org\/acef\/wp-json\/wp\/v2\/comments?post=930"}],"version-history":[{"count":2,"href":"https:\/\/femmeslaurentides.org\/acef\/wp-json\/wp\/v2\/pages\/930\/revisions"}],"predecessor-version":[{"id":1420,"href":"https:\/\/femmeslaurentides.org\/acef\/wp-json\/wp\/v2\/pages\/930\/revisions\/1420"}],"wp:attachment":[{"href":"https:\/\/femmeslaurentides.org\/acef\/wp-json\/wp\/v2\/media?parent=930"}],"curies":[{"name":"wp","href":"https:\/\/api.w.org\/{rel}","templated":true}]}}