{"id":942,"date":"2016-01-12T10:10:16","date_gmt":"2016-01-12T15:10:16","guid":{"rendered":"http:\/\/apero.co\/rfl\/?page_id=942"},"modified":"2018-01-30T04:39:52","modified_gmt":"2018-01-30T04:39:52","slug":"membres-du-rfl","status":"publish","type":"page","link":"https:\/\/femmeslaurentides.org\/acef\/membres-du-rfl\/","title":{"rendered":"Membres du RFL"},"content":{"rendered":"<p>\t\t\t\t<img loading=\"lazy\" src=\"http:\/\/femmeslaurentides.org\/acef\/wp-content\/uploads\/2018\/01\/bandeau5.png\" alt=\"bandeau5\" itemprop=\"image\" height=\"206\" width=\"1310\"  \/><\/p>\n<h2>\n\t\tMembres du RFL<br \/>\n\t<\/h2>\n<p>\t\t\t\t<img loading=\"lazy\" src=\"http:\/\/femmeslaurentides.org\/acef\/wp-content\/uploads\/2017\/10\/carte.jpg\" alt=\"carte\" itemprop=\"image\" height=\"1508\" width=\"886\"  \/><\/p>\n<h3>Liste des membres<\/h3>\n<p>\t\t\tCentres de femmes<\/p>\n<p><b>Carrefour des femmes du Grand Lachute<\/b><\/p>\n<p>Depuis juin 1983, le Carrefour des femmes de Lachute accueille toutes les femmes, sans discrimination aucune, et les accompagne vers l\u2019\u00e9panouissement de soi dans toutes les sph\u00e8res de leur vie. Sa mission vise la transformation sociale et l\u2019am\u00e9lioration des conditions de vie des femmes et se concr\u00e9tise par une programmation d\u2019activit\u00e9s vari\u00e9es, de services et d\u2019actions collectives.<\/p>\n<p><b>Centre rayons de femmes Th\u00e9r\u00e8se-De Blainville<\/b><\/p>\n<p>Le Centre rayons de femmes est un OBNL cr\u00e9\u00e9 en 1995 par et pour les femmes. Ouvert \u00e0 toutes les femmes, il se veut avant tout un lieu d\u2019\u00e9coute et de rassemblement. Le Centre sensibilise aux r\u00e9alit\u00e9s sociales, politiques et \u00e9conomiques qui influencent les conditions de vie des femmes, d\u00e9veloppe des liens de solidarit\u00e9 et, par l\u2019action collective, il joue un r\u00f4le actif pour contrer les injustices et les discriminations.<\/p>\n<p><b>Centre de Femmes les Unes et les Autres<\/b><\/p>\n<p>Dans le respect de l\u2019orientation f\u00e9ministe, le Centre de Femmes les Unes et les Autres \u0153uvre pour l\u2019am\u00e9lioration de la qualit\u00e9 de vie de toutes les femmes. Il se veut un lieu d\u2019appartenance, qui permet aux femmes de briser l\u2019isolement, de se solidariser, de s\u2019informer et de reprendre du pouvoir sur leur vie. Dans une perspective de r\u00e9pondre aux besoins des femmes, le Centre offre les services suivants : activit\u00e9s et ateliers de groupe, relation d\u2019aide et r\u00e9f\u00e9rence, interventions individuelles et accompagnement, halte-garderie et projets \u00e9ducatifs pour les enfants, actions citoyennes pour l\u2019\u00e9galit\u00e9 des femmes et la justice sociale.<\/p>\n<p><b>Sign\u00e9e Femmes, le centre de femmes<\/b><\/p>\n<p>Sign\u00e9e Femmes est un endroit privil\u00e9gi\u00e9 pour toutes les femmes, un lieu de motivation qui favorise l\u2019entraide collective, l\u2019\u00e9change et le partage des savoirs. Notre mission : offrir, par l\u2019accueil, l\u2019\u00e9coute, le soutien et l\u2019accompagnement, une alternative \u00e0 l\u2019isolement des femmes, un lieu de rencontre permettant aux femmes de trouver les ressources r\u00e9pondant \u00e0 leurs besoins, favoriser leur \u00e9panouissement et leur permettre d\u2019acqu\u00e9rir plus de pouvoir sur leur vie, ainsi que lutter contre la pauvret\u00e9, la violence sous toutes ses formes et l\u2019exclusion sociale.<\/p>\n<p><b>La Colombe, centre de jour pour femmes<\/b><\/p>\n<p>La Colombe est un lieu de rencontre pour les femmes de la MRC des Laurentides, qui vise \u00e0 l\u2019am\u00e9liorer la condition f\u00e9minine \u00e0 travers diverses activit\u00e9s orient\u00e9es vers le d\u00e9ploiement des femmes, de leurs forces et de leur estime. Une halte-garderie est disponible sur place, \u00e0 faible co\u00fbt. Les interventions sont bas\u00e9es sur des valeurs d\u2019\u00e9galit\u00e9, de respect, de justice et d\u2019\u00e9quit\u00e9.<\/p>\n<p><b>Centre de femmes Liber\u2019Elles<\/b><\/p>\n<p>Liber\u2019Elles offre aux femmes adultes de la MRC de Mirabel un lieu d\u2019accueil, de partage, de solidarit\u00e9, d\u2019\u00e9panouissement, de relation d\u2019aide et de r\u00e9f\u00e9rence. C\u2019est un lieu d\u2019appartenance o\u00f9 les femmes sont encourag\u00e9es \u00e0 reprendre du pouvoir sur leur vie et o\u00f9 elles peuvent participer \u00e0 diff\u00e9rents ateliers \u00e9ducatifs tout en cr\u00e9ant des liens. Les services sont gratuits et confidentiels et offrent de nombreuses activit\u00e9s accessibles \u00e0 toutes.<\/p>\n<p>\t\t\tSyndicats &#8211; Comit\u00e9 condition f\u00e9minine<\/p>\n<p><b>Syndicat de la fonction publique provinciale (SFPQ) Laurentides<\/b><\/p>\n<p>Le SFPQ contribue \u00e0 l\u2019avancement et au respect des droits des femmes, tant dans leur milieu de travail que dans la soci\u00e9t\u00e9 en g\u00e9n\u00e9ral. Pour ce faire, il a mis en place le Comit\u00e9 national des femmes, le R\u00e9seau des femmes et un service de la condition f\u00e9minine. De plus, le Syndicat participe \u00e0 diverses constituantes du mouvement des femmes, dont l\u2019Intersyndicale des femmes et la F\u00e9d\u00e9ration des femmes du Qu\u00e9bec.<\/p>\n<p><b>Conseil central des syndicats nationaux (CSN) des Laurentides<\/b><\/p>\n<p>Fond\u00e9 en 1969, le Conseil central des Laurentides \u2013 CSN regroupe tous les syndicats affili\u00e9s \u00e0 la CSN dans les Laurentides. Celui-ci repr\u00e9sente pr\u00e8s de 16 000 membres dans 90 syndicats \u0153uvrant dans tous les secteurs d\u2019activit\u00e9s.\u00a0\u00a0Le Conseil central des Laurentides \u2013 CSN soutient les revendications et les actions des ses syndicats et assume \u00e9galement une responsabilit\u00e9 de repr\u00e9sentation politique des int\u00e9r\u00eats des travailleuses et travailleurs, membres ou non d\u2019un syndicat de la r\u00e9gion, en si\u00e9geant au sein de divers lieux de d\u00e9cisions r\u00e9gionaux et locaux.<\/p>\n<p>\t\t\tCentres d&rsquo;aide et de lutte contre les agressions \u00e0 caract\u00e8re sexuel<\/p>\n<p><b>CALACS-Laurentides<\/b><\/p>\n<p>Le CALACS-Laurentides, Centre d\u2019aide et de lutte contre les agressions \u00e0 caract\u00e8re sexuel, aide et soutient les femmes et les jeunes filles de 12 ans et plus ayant v\u00e9cu une agression \u00e0 caract\u00e8re sexuel. Il pr\u00e9vient, sensibilise et informe la population ainsi que les divers intervenants des milieux susceptibles d\u2019intervenir aupr\u00e8s des victimes d\u2019agressions sexuelles. Il d\u00e9fend les int\u00e9r\u00eats des femmes dans la lutte contre les agressions \u00e0 caract\u00e8re sexuel et fait la promotion des rapports \u00e9galitaires entre les sexes. Situ\u00e9 \u00e0 Saint-J\u00e9r\u00f4me, il dessert les six MRC de la r\u00e9gion des Basses-Laurentides: Pays-d\u2019en-Haut, Rivi\u00e8re-du-Nord, Mirabel, Deux-Montagnes, Th\u00e9r\u00e8se-De Blainville, Argenteuil.<\/p>\n<p><b>L\u2019\u00c9lan-CALACS<\/b><\/p>\n<p>L\u2019\u00c9lan-CALACS est un Centre d\u2019aide et de lutte contre les agressions \u00e0 caract\u00e8re sexuel, situ\u00e9 dans les Hautes-Laurentides.\u00a0\u00a0Le Centre offre gratuitement des services d\u2019aide aux femmes et adolescentes de 12 ans et plus ayant v\u00e9cu une ou des agressions sexuelles r\u00e9centes ou pass\u00e9es. Les intervenantes assurent un r\u00f4le de pr\u00e9vention, d\u2019\u00e9ducation et de sensibilisation face \u00e0 la probl\u00e9matique, surtout aupr\u00e8s des jeunes. Elles sont en action pour d\u00e9fendre les droits des femmes ayant v\u00e9cu des agressions sexuelles, pour contrer la violence sexuelle et pour faire la promotion des rapports \u00e9galitaires.<\/p>\n<p>\t\t\tOrganismes communautaires et regroupements comportant un volet Condition f\u00e9minine<\/p>\n<section>\n<p><b>Fonds d\u2019Emprunt des Laurentides<\/b><\/p>\n<p>Le Fonds d\u2019Emprunt des Laurentides a pour mission de d\u00e9velopper l\u2019entrepreneuriat et l\u2019autonomie financi\u00e8re des membres de sa communaut\u00e9, sp\u00e9cialement chez les femmes. Depuis 1998, il offre des services bilingues, des formations et du financement aux entrepreneurs et aux individus de la r\u00e9gion. Leur outil Femmes et Argent est un guide de survie qui a remport\u00e9 plusieurs honneurs, et ce, tant au niveau provincial que national. Le guide permet aux femmes de contr\u00f4ler leur vie financi\u00e8re de fa\u00e7on simple et efficace.<\/p>\n<p><b>Association des retrait\u00e9es et retrait\u00e9s de l\u2019\u00e9ducation et des autres services publics du Qu\u00e9bec (AREQ \u2013 CSQ)<\/b><\/p>\n<p>L\u2019AREQ affirme sa volont\u00e9 de reconna\u00eetre dans sa mission le principe de l\u2019\u00e9galit\u00e9 de droit et de fait entre les femmes et les hommes. Elle a pour mission de promouvoir et de d\u00e9fendre les int\u00e9r\u00eats et les droits culturels, sociaux et \u00e9conomiques de ses membres et des personnes a\u00een\u00e9es et de contribuer \u00e0 la r\u00e9alisation d\u2019une soci\u00e9t\u00e9 \u00e9galitaire, d\u00e9mocratique, solidaire et pacifiste.<\/p>\n<p><b>Droits et recours Laurentides<\/b><\/p>\n<p>L\u2019organisme r\u00e9gional Droits et recours Laurentides travaille pour la promotion, le respect et la d\u00e9fense des droits des personnes et des groupes de personnes qui ont \u2013 ou qui ont eu \u2013 des probl\u00e8mes de sant\u00e9 mentale. L\u2019organisme travaille aupr\u00e8s des personnes directement concern\u00e9es dans un principe d\u2019appropriation du pouvoir et de respect du rythme et des choix de la personne tout en les accompagnant dans l\u2019ensemble des droits sociaux.<\/p>\n<p><b>Centre d\u2019Accompagnement Personnalis\u00e9 pour Jeunes Enceintes ou M\u00e8res (CAP JEM)<\/b><\/p>\n<p>L\u2019OBNL desservira toutes les Laurentides en ouvrant une ressource d\u2019h\u00e9bergement \u00e0 loyers \u00e9conomiques pour jeunes femmes enceintes ou m\u00e8res dans le besoin ayant un projet de vie. Celles-ci pourront b\u00e9n\u00e9ficier d\u2019un soutien au quotidien selon leurs besoins, \u00e9changer avec leurs pairs et participer \u00e0 divers ateliers \u00e9galement offerts \u00e0 la communaut\u00e9. Ce projet vise donc \u00e0 \u00ab tendre la main \u00bb \u00e0 ces jeunes m\u00e8res et \u00e0 les guider vers une autonomie appropri\u00e9e, le temps qu\u2019elles d\u00e9veloppent la base de diff\u00e9rentes habilet\u00e9s n\u00e9cessaires \u00e0 une bonne int\u00e9gration dans la soci\u00e9t\u00e9. Ce projet a aussi pour but d\u2019\u00eatre un tremplin pour les propulser hors du cercle vicieux de la pauvret\u00e9 et de l\u2019isolement, et ce, pour le mieux-\u00eatre actuel et futur de deux g\u00e9n\u00e9rations : la jeune m\u00e8re et son enfant.\u00a0<\/p>\n<\/section>\n<p>\t\t\tMaisons d&rsquo;aide et d&rsquo;h\u00e9bergement pour femmes victimes de violence conjugale et leurs enfants<\/p>\n<p><b>L\u2019Ombre-Elle<\/b><\/p>\n<p>L\u2019Ombre-Elle accueille les femmes victimes de violence conjugale et leurs enfants de fa\u00e7on confidentielle et s\u00e9curitaire pour des p\u00e9riodes transitoires variables. L\u2019organisme adopte une approche f\u00e9ministe et se veut un endroit pour partager son v\u00e9cu en toute confiance et sans jugement. Il propose de l\u2019accompagnement, du temps de r\u00e9flexion et des rencontres individuelles ou de groupe dans trois points de service. En plus d\u2019informer la population et les femmes elles-m\u00eames, l\u2019Ombre-Elle d\u00e9nonce et pr\u00e9vient la violence conjugale sous toutes ses formes.<\/p>\n<p><b>Maison d\u2019accueil Le Mitan inc.<\/b><\/p>\n<p>Depuis 1980, Le Mitan accueille les femmes victimes de violence conjugale et leurs enfants en leur offrant un milieu s\u00e9curitaire.\u00a0\u00a0C\u2019est un refuge qui permet aux femmes de briser leur isolement et, dans le respect du lien aux m\u00e8res, de briser l\u2019isolement des enfants et des adolescents en h\u00e9bergement. Le Mitan offre de l\u2019h\u00e9bergement, de la relation d\u2019aide, ainsi qu\u2019un rapport d\u2019\u00e9galit\u00e9 et de solidarit\u00e9. Le Mitan, c\u2019est aussi sensibiliser, d\u00e9noncer, pr\u00e9venir, et ce, en partenariat autant que possible.<\/p>\n<p><b>La Passe-R-Elle des Hautes-Laurentides<\/b><\/p>\n<p>Beaucoup plus qu\u2019une maison d\u2019aide et d\u2019h\u00e9bergement pour femmes victimes de violence conjugale\/amoureuse et leurs enfants, la Passe-R-Elle des Hautes-Laurentides accueille les femmes qui se questionnent sur la qualit\u00e9 de leurs relations et leur offre un temps de r\u00e9flexion et de ressourcement dans un milieu s\u00e9curitaire et sans jugement. Les femmes peuvent compter sur le soutien d\u2019intervenantes chevronn\u00e9es et \u00e0 l\u2019\u00e9coute de leurs besoins, tant en h\u00e9bergement que dans des suivis \u00e0 l\u2019externe, des d\u00e9marches personnelles ou dans le cadre d\u2019ateliers structur\u00e9s.<\/p>\n<p><b>La Maison d\u2019Ariane<\/b><\/p>\n<p>La Maison d\u2019Ariane offre un endroit s\u00e9curitaire aux femmes et \u00e0 leurs enfants, o\u00f9 il est possible de reprendre le pouvoir sur sa vie dans le respect et l\u2019\u00e9galit\u00e9. Les services et activit\u00e9s sont vari\u00e9s et adapt\u00e9s \u00e0 la r\u00e9alit\u00e9 et au rythme des femmes et des enfants. L\u2019offre de service comprend l\u2019h\u00e9bergement, les services externes tels que des rencontres individuelles et de groupe, le volet\u00a0\u00a0de sensibilisation \u00e0 la violence conjugale et de promotion de rapports \u00e9galitaires, ainsi que le volet de la d\u00e9fense individuelle et collective des droits. Les services d\u2019\u00e9coute t\u00e9l\u00e9phonique, offerts 24 heures\/<br \/>7 jours, sont confidentiels et gratuits.<\/p>\n<p><b>La Citad\u2019Elle de Lachute<\/b><\/p>\n<p>La maison re\u00e7oit des femmes violent\u00e9es vivant de multiples probl\u00e9matiques sociales, et leurs enfants.<\/p>\n<p>Dans une perspective f\u00e9ministe de lutte contre les violence envers les femmes, nous cherchons \u00e0 leur redonner confiance, estime, et pouvoir sur leur vie!<\/p>\n<p>\t\t\t\t<img loading=\"lazy\" src=\"http:\/\/femmeslaurentides.org\/acef\/wp-content\/uploads\/2017\/10\/partenaires.png\" alt=\"partenaires\" itemprop=\"image\" height=\"295\" width=\"886\"  \/><\/p>\n","protected":false},"excerpt":{"rendered":"<p>Membres du RFL Liste des membres Centres de femmes Carrefour des femmes du Grand Lachute Depuis juin 1983, le Carrefour des femmes de Lachute accueille toutes les femmes, sans discrimination aucune, et les accompagne vers l\u2019\u00e9panouissement de soi dans toutes les sph\u00e8res de leur vie. Sa mission vise la transformation sociale et l\u2019am\u00e9lioration des conditions&hellip;<\/p>\n","protected":false},"author":1,"featured_media":0,"parent":0,"menu_order":0,"comment_status":"closed","ping_status":"closed","template":"","meta":[],"_links":{"self":[{"href":"https:\/\/femmeslaurentides.org\/acef\/wp-json\/wp\/v2\/pages\/942"}],"collection":[{"href":"https:\/\/femmeslaurentides.org\/acef\/wp-json\/wp\/v2\/pages"}],"about":[{"href":"https:\/\/femmeslaurentides.org\/acef\/wp-json\/wp\/v2\/types\/page"}],"author":[{"embeddable":true,"href":"https:\/\/femmeslaurentides.org\/acef\/wp-json\/wp\/v2\/users\/1"}],"replies":[{"embeddable":true,"href":"https:\/\/femmeslaurentides.org\/acef\/wp-json\/wp\/v2\/comments?post=942"}],"version-history":[{"count":1,"href":"https:\/\/femmeslaurentides.org\/acef\/wp-json\/wp\/v2\/pages\/942\/revisions"}],"predecessor-version":[{"id":1435,"href":"https:\/\/femmeslaurentides.org\/acef\/wp-json\/wp\/v2\/pages\/942\/revisions\/1435"}],"wp:attachment":[{"href":"https:\/\/femmeslaurentides.org\/acef\/wp-json\/wp\/v2\/media?parent=942"}],"curies":[{"name":"wp","href":"https:\/\/api.w.org\/{rel}","templated":true}]}}